{"id":4941,"date":"2020-03-10T09:21:03","date_gmt":"2020-03-10T08:21:03","guid":{"rendered":"http:\/\/lavanda.org.rs\/home-1\/"},"modified":"2020-03-13T02:56:59","modified_gmt":"2020-03-13T01:56:59","slug":"home-1","status":"publish","type":"page","link":"http:\/\/lavanda.org.rs\/hu\/","title":{"rendered":"Home 1"},"content":{"rendered":"<p>[vc_row fullwidth=&#8221;0&#8243; row_space=&#8221;remove_padding&#8221; isfullwidth=&#8221;0&#8243;][vc_column]\n\t\t\t<!-- START Slider 4 1 1 REVOLUTION SLIDER 6.2.1 --><p class=\"rs-p-wp-fix\"><\/p>\n\t\t\t<rs-module-wrap id=\"rev_slider_6_1_wrapper\" data-source=\"gallery\" style=\"background:transparent;padding:0;margin:0px auto;margin-top:0;margin-bottom:0;max-width:\">\n\t\t\t\t<rs-module id=\"rev_slider_6_1\" style=\"display:none;\" data-version=\"6.2.1\">\n\t\t\t\t\t<rs-slides>\n\t\t\t\t\t\t<rs-slide data-key=\"rs-29\" data-title=\"Slide\" data-thumb=\"\/\/lavanda.org.rs\/wp-content\/uploads\/2015\/12\/slider_001HUN-100x50.jpg\" data-anim=\"ei:d;eo:d;s:600;r:0;t:fade;sl:d;\">\n\t\t\t\t\t\t\t<img src=\"\/\/lavanda.org.rs\/wp-content\/uploads\/2015\/12\/slider_001HUN.jpg\" width=\"1536\" height=\"640\" data-panzoom=\"d:10000;ss:100;se:109;\" class=\"rev-slidebg\" data-no-retina>\n<!--\n\t\t\t\t\t\t\t--><rs-layer\n\t\t\t\t\t\t\t\tid=\"slider-6-slide-29-layer-3\" \n\t\t\t\t\t\t\t\tdata-type=\"text\"\n\t\t\t\t\t\t\t\tdata-color=\"rgba(255, 255, 255, 1)\"\n\t\t\t\t\t\t\t\tdata-rsp_ch=\"on\"\n\t\t\t\t\t\t\t\tdata-xy=\"x:l,l,l,c;xo:10px,10px,9px,0;y:t,t,m,m;yo:289px,289px,-38px,-49px;\"\n\t\t\t\t\t\t\t\tdata-text=\"s:68,68,46,36;l:72,72,52,42;fw:600;a:left,left,left,center;\"\n\t\t\t\t\t\t\t\tdata-frame_0=\"y:50px;tp:600;\"\n\t\t\t\t\t\t\t\tdata-frame_1=\"tp:600;e:power2.inOut;st:260;sp:380;sR:260;\"\n\t\t\t\t\t\t\t\tdata-frame_999=\"y:-50px;o:0;tp:600;e:nothing;st:w;sR:8360;\"\n\t\t\t\t\t\t\t\tstyle=\"z-index:5;font-family:Poppins;\"\n\t\t\t\t\t\t\t>N\u0151i t\u00e1rsadalmi v\u00e1llalkoz\u00e1sok<br>\na vid\u00e9ki t\u00e9rs\u00e9gekben \n\t\t\t\t\t\t\t<\/rs-layer><!--\n\n\t\t\t\t\t\t\t--><rs-layer\n\t\t\t\t\t\t\t\tid=\"slider-6-slide-29-layer-4\" \n\t\t\t\t\t\t\t\tdata-type=\"text\"\n\t\t\t\t\t\t\t\tdata-color=\"rgba(255, 255, 255, 1)\"\n\t\t\t\t\t\t\t\tdata-rsp_ch=\"on\"\n\t\t\t\t\t\t\t\tdata-xy=\"x:l,l,l,c;xo:10px,10px,9px,-1px;y:t,t,m,m;yo:441px,441px,49px,21px;\"\n\t\t\t\t\t\t\t\tdata-text=\"w:nowrap,nowrap,normal,normal;s:20,20,18,16;l:32,32,26,24;a:left,left,left,center;\"\n\t\t\t\t\t\t\t\tdata-dim=\"w:auto,auto,301px,301px;\"\n\t\t\t\t\t\t\t\tdata-frame_0=\"y:50px;tp:600;\"\n\t\t\t\t\t\t\t\tdata-frame_1=\"tp:600;e:power2.inOut;st:910;sp:420;sR:910;\"\n\t\t\t\t\t\t\t\tdata-frame_999=\"y:-50px;o:0;tp:600;e:nothing;st:w;sR:7670;\"\n\t\t\t\t\t\t\t\tstyle=\"z-index:7;font-family:Poppins;\"\n\t\t\t\t\t\t\t>WOMEN-TO-SAVE \n\t\t\t\t\t\t\t<\/rs-layer><!--\n\n\t\t\t\t\t\t\t--><rs-layer\n\t\t\t\t\t\t\t\tid=\"slider-6-slide-29-layer-6\" \n\t\t\t\t\t\t\t\tclass=\"rev-btn\"\n\t\t\t\t\t\t\t\tdata-type=\"button\"\n\t\t\t\t\t\t\t\tdata-color=\"rgba(255, 255, 255, 1)\"\n\t\t\t\t\t\t\t\tdata-xy=\"x:l,l,l,c;xo:10px,10px,10px,0;y:t,t,m,m;yo:493px,493px,103px,69px;\"\n\t\t\t\t\t\t\t\tdata-text=\"s:12;l:14;ls:1px;fw:600;\"\n\t\t\t\t\t\t\t\tdata-vbility=\"f,f,f,f\"\n\t\t\t\t\t\t\t\tdata-rsp_bd=\"off\"\n\t\t\t\t\t\t\t\tdata-padding=\"t:12,12,8,8;r:35,35,25,20;b:12,12,8,8;l:35,35,25,20;\"\n\t\t\t\t\t\t\t\tdata-frame_0=\"y:50px;tp:600;\"\n\t\t\t\t\t\t\t\tdata-frame_1=\"tp:600;e:power2.inOut;st:1330;sp:390;sR:1330;\"\n\t\t\t\t\t\t\t\tdata-frame_999=\"y:-50px;o:0;tp:600;e:nothing;st:w;sR:7280;\"\n\t\t\t\t\t\t\t\tdata-frame_hover=\"c:#000;bgc:#fff;boc:#000;bor:0px,0px,0px,0px;bos:solid;oX:50;oY:50;sp:0;e:none;\"\n\t\t\t\t\t\t\t\tstyle=\"z-index:8;background-color:#fcc91b;font-family:Poppins;text-transform:uppercase;cursor:pointer;outline:none;box-shadow:none;box-sizing:border-box;-moz-box-sizing:border-box;-webkit-box-sizing:border-box;\"\n\t\t\t\t\t\t\t>Read more \n\t\t\t\t\t\t\t<\/rs-layer><!--\n\n\t\t\t\t\t\t\t--><rs-layer\n\t\t\t\t\t\t\t\tid=\"slider-6-slide-29-layer-7\" \n\t\t\t\t\t\t\t\tdata-type=\"text\"\n\t\t\t\t\t\t\t\tdata-color=\"#0a0202\"\n\t\t\t\t\t\t\t\tdata-rsp_ch=\"on\"\n\t\t\t\t\t\t\t\tdata-xy=\"x:l,l,l,c;xo:10px,10px,10px,0;y:t,t,m,m;yo:255px,255px,-116px,-116px;\"\n\t\t\t\t\t\t\t\tdata-text=\"s:18,18,14,12;l:22;fw:500;\"\n\t\t\t\t\t\t\t\tdata-padding=\"t:2;r:10;b:2;l:10;\"\n\t\t\t\t\t\t\t\tdata-frame_0=\"tp:600;\"\n\t\t\t\t\t\t\t\tdata-frame_1=\"tp:600;e:power2.inOut;st:540;sR:540;\"\n\t\t\t\t\t\t\t\tdata-frame_999=\"o:0;tp:600;e:nothing;st:w;sR:8160;\"\n\t\t\t\t\t\t\t\tstyle=\"z-index:6;background-color:rgba(252,201,27,0.8);font-family:Poppins;text-transform:uppercase;\"\n\t\t\t\t\t\t\t>HUSRB\/1602\/42\/0073 \n\t\t\t\t\t\t\t<\/rs-layer><!--\n-->\t\t\t\t\t\t<\/rs-slide>\n\t\t\t\t\t\t<rs-slide data-key=\"rs-30\" data-title=\"Slide\" data-thumb=\"\/\/lavanda.org.rs\/wp-content\/uploads\/2015\/12\/slider_003HUN-100x50.jpg\" data-anim=\"ei:d;eo:d;s:600;r:0;t:fade;sl:d;\">\n\t\t\t\t\t\t\t<img src=\"\/\/lavanda.org.rs\/wp-content\/uploads\/2015\/12\/slider_003HUN.jpg\" width=\"1536\" height=\"640\" data-panzoom=\"d:10000;ss:100;se:109;\" class=\"rev-slidebg\" data-no-retina>\n<!--\n\t\t\t\t\t\t\t--><rs-layer\n\t\t\t\t\t\t\t\tid=\"slider-6-slide-30-layer-3\" \n\t\t\t\t\t\t\t\tdata-type=\"text\"\n\t\t\t\t\t\t\t\tdata-color=\"rgba(255, 255, 255, 1)\"\n\t\t\t\t\t\t\t\tdata-rsp_ch=\"on\"\n\t\t\t\t\t\t\t\tdata-xy=\"x:l,l,l,c;xo:10px,10px,9px,0;y:t,t,m,m;yo:289px,289px,-38px,-49px;\"\n\t\t\t\t\t\t\t\tdata-text=\"s:68,68,46,36;l:72,72,52,42;fw:600;a:left,left,left,center;\"\n\t\t\t\t\t\t\t\tdata-frame_0=\"y:50px;tp:600;\"\n\t\t\t\t\t\t\t\tdata-frame_1=\"tp:600;e:power2.inOut;st:260;sp:380;sR:260;\"\n\t\t\t\t\t\t\t\tdata-frame_999=\"y:-50px;o:0;tp:600;e:nothing;st:w;sR:8360;\"\n\t\t\t\t\t\t\t\tstyle=\"z-index:5;font-family:Poppins;\"\n\t\t\t\t\t\t\t>N\u0151i t\u00e1rsadalmi v\u00e1llalkoz\u00e1sok<br>\na vid\u00e9ki t\u00e9rs\u00e9gekben \n\t\t\t\t\t\t\t<\/rs-layer><!--\n\n\t\t\t\t\t\t\t--><rs-layer\n\t\t\t\t\t\t\t\tid=\"slider-6-slide-30-layer-4\" \n\t\t\t\t\t\t\t\tdata-type=\"text\"\n\t\t\t\t\t\t\t\tdata-color=\"rgba(255, 255, 255, 1)\"\n\t\t\t\t\t\t\t\tdata-rsp_ch=\"on\"\n\t\t\t\t\t\t\t\tdata-xy=\"x:l,l,l,c;xo:10px,10px,9px,-1px;y:t,t,m,m;yo:441px,441px,49px,21px;\"\n\t\t\t\t\t\t\t\tdata-text=\"w:nowrap,nowrap,normal,normal;s:20,20,18,16;l:32,32,26,24;a:left,left,left,center;\"\n\t\t\t\t\t\t\t\tdata-dim=\"w:auto,auto,301px,301px;\"\n\t\t\t\t\t\t\t\tdata-frame_0=\"y:50px;tp:600;\"\n\t\t\t\t\t\t\t\tdata-frame_1=\"tp:600;e:power2.inOut;st:910;sp:420;sR:910;\"\n\t\t\t\t\t\t\t\tdata-frame_999=\"y:-50px;o:0;tp:600;e:nothing;st:w;sR:7670;\"\n\t\t\t\t\t\t\t\tstyle=\"z-index:7;font-family:Poppins;\"\n\t\t\t\t\t\t\t>WOMEN-TO-SAVE \n\t\t\t\t\t\t\t<\/rs-layer><!--\n\n\t\t\t\t\t\t\t--><rs-layer\n\t\t\t\t\t\t\t\tid=\"slider-6-slide-30-layer-6\" \n\t\t\t\t\t\t\t\tclass=\"rev-btn\"\n\t\t\t\t\t\t\t\tdata-type=\"button\"\n\t\t\t\t\t\t\t\tdata-color=\"rgba(255, 255, 255, 1)\"\n\t\t\t\t\t\t\t\tdata-xy=\"x:l,l,l,c;xo:10px,10px,10px,0;y:t,t,m,m;yo:493px,493px,103px,69px;\"\n\t\t\t\t\t\t\t\tdata-text=\"s:12;l:14;ls:1px;fw:600;\"\n\t\t\t\t\t\t\t\tdata-vbility=\"f,f,f,f\"\n\t\t\t\t\t\t\t\tdata-rsp_bd=\"off\"\n\t\t\t\t\t\t\t\tdata-padding=\"t:12,12,8,8;r:35,35,25,20;b:12,12,8,8;l:35,35,25,20;\"\n\t\t\t\t\t\t\t\tdata-frame_0=\"y:50px;tp:600;\"\n\t\t\t\t\t\t\t\tdata-frame_1=\"tp:600;e:power2.inOut;st:1330;sp:390;sR:1330;\"\n\t\t\t\t\t\t\t\tdata-frame_999=\"y:-50px;o:0;tp:600;e:nothing;st:w;sR:7280;\"\n\t\t\t\t\t\t\t\tdata-frame_hover=\"c:#000;bgc:#fff;boc:#000;bor:0px,0px,0px,0px;bos:solid;oX:50;oY:50;sp:0;e:none;\"\n\t\t\t\t\t\t\t\tstyle=\"z-index:8;background-color:#fcc91b;font-family:Poppins;text-transform:uppercase;cursor:pointer;outline:none;box-shadow:none;box-sizing:border-box;-moz-box-sizing:border-box;-webkit-box-sizing:border-box;\"\n\t\t\t\t\t\t\t>Read more \n\t\t\t\t\t\t\t<\/rs-layer><!--\n\n\t\t\t\t\t\t\t--><rs-layer\n\t\t\t\t\t\t\t\tid=\"slider-6-slide-30-layer-7\" \n\t\t\t\t\t\t\t\tdata-type=\"text\"\n\t\t\t\t\t\t\t\tdata-color=\"#0a0202\"\n\t\t\t\t\t\t\t\tdata-rsp_ch=\"on\"\n\t\t\t\t\t\t\t\tdata-xy=\"x:l,l,l,c;xo:10px,10px,10px,0;y:t,t,m,m;yo:255px,255px,-116px,-116px;\"\n\t\t\t\t\t\t\t\tdata-text=\"s:18,18,14,12;l:22;fw:500;\"\n\t\t\t\t\t\t\t\tdata-padding=\"t:2;r:10;b:2;l:10;\"\n\t\t\t\t\t\t\t\tdata-frame_0=\"tp:600;\"\n\t\t\t\t\t\t\t\tdata-frame_1=\"tp:600;e:power2.inOut;st:540;sR:540;\"\n\t\t\t\t\t\t\t\tdata-frame_999=\"o:0;tp:600;e:nothing;st:w;sR:8160;\"\n\t\t\t\t\t\t\t\tstyle=\"z-index:6;background-color:rgba(252,201,27,0.8);font-family:Poppins;text-transform:uppercase;\"\n\t\t\t\t\t\t\t>HUSRB\/1602\/42\/0073 \n\t\t\t\t\t\t\t<\/rs-layer><!--\n-->\t\t\t\t\t\t<\/rs-slide>\n\t\t\t\t\t\t<rs-slide data-key=\"rs-31\" data-title=\"Slide\" data-thumb=\"\/\/lavanda.org.rs\/wp-content\/uploads\/2015\/12\/slider_002HUN-100x50.jpg\" data-anim=\"ei:d;eo:d;s:600;r:0;t:fade;sl:d;\">\n\t\t\t\t\t\t\t<img src=\"\/\/lavanda.org.rs\/wp-content\/uploads\/2015\/12\/slider_002HUN.jpg\" width=\"1536\" height=\"640\" data-panzoom=\"d:10000;ss:100;se:109;\" class=\"rev-slidebg\" data-no-retina>\n<!--\n\t\t\t\t\t\t\t--><rs-layer\n\t\t\t\t\t\t\t\tid=\"slider-6-slide-31-layer-3\" \n\t\t\t\t\t\t\t\tdata-type=\"text\"\n\t\t\t\t\t\t\t\tdata-color=\"rgba(255, 255, 255, 1)\"\n\t\t\t\t\t\t\t\tdata-rsp_ch=\"on\"\n\t\t\t\t\t\t\t\tdata-xy=\"x:l,l,l,c;xo:10px,10px,9px,0;y:t,t,m,m;yo:289px,289px,-38px,-49px;\"\n\t\t\t\t\t\t\t\tdata-text=\"s:68,68,46,36;l:72,72,52,42;fw:600;a:left,left,left,center;\"\n\t\t\t\t\t\t\t\tdata-frame_0=\"y:50px;tp:600;\"\n\t\t\t\t\t\t\t\tdata-frame_1=\"tp:600;e:power2.inOut;st:260;sp:380;sR:260;\"\n\t\t\t\t\t\t\t\tdata-frame_999=\"y:-50px;o:0;tp:600;e:nothing;st:w;sR:8360;\"\n\t\t\t\t\t\t\t\tstyle=\"z-index:5;font-family:Poppins;\"\n\t\t\t\t\t\t\t>N\u0151i t\u00e1rsadalmi v\u00e1llalkoz\u00e1sok<br>\na vid\u00e9ki t\u00e9rs\u00e9gekben \n\t\t\t\t\t\t\t<\/rs-layer><!--\n\n\t\t\t\t\t\t\t--><rs-layer\n\t\t\t\t\t\t\t\tid=\"slider-6-slide-31-layer-4\" \n\t\t\t\t\t\t\t\tdata-type=\"text\"\n\t\t\t\t\t\t\t\tdata-color=\"rgba(255, 255, 255, 1)\"\n\t\t\t\t\t\t\t\tdata-rsp_ch=\"on\"\n\t\t\t\t\t\t\t\tdata-xy=\"x:l,l,l,c;xo:10px,10px,9px,-1px;y:t,t,m,m;yo:441px,441px,49px,21px;\"\n\t\t\t\t\t\t\t\tdata-text=\"w:nowrap,nowrap,normal,normal;s:20,20,18,16;l:32,32,26,24;a:left,left,left,center;\"\n\t\t\t\t\t\t\t\tdata-dim=\"w:auto,auto,301px,301px;\"\n\t\t\t\t\t\t\t\tdata-frame_0=\"y:50px;tp:600;\"\n\t\t\t\t\t\t\t\tdata-frame_1=\"tp:600;e:power2.inOut;st:910;sp:420;sR:910;\"\n\t\t\t\t\t\t\t\tdata-frame_999=\"y:-50px;o:0;tp:600;e:nothing;st:w;sR:7670;\"\n\t\t\t\t\t\t\t\tstyle=\"z-index:7;font-family:Poppins;\"\n\t\t\t\t\t\t\t>WOMEN-TO-SAVE \n\t\t\t\t\t\t\t<\/rs-layer><!--\n\n\t\t\t\t\t\t\t--><rs-layer\n\t\t\t\t\t\t\t\tid=\"slider-6-slide-31-layer-6\" \n\t\t\t\t\t\t\t\tclass=\"rev-btn\"\n\t\t\t\t\t\t\t\tdata-type=\"button\"\n\t\t\t\t\t\t\t\tdata-color=\"rgba(255, 255, 255, 1)\"\n\t\t\t\t\t\t\t\tdata-xy=\"x:l,l,l,c;xo:10px,10px,10px,0;y:t,t,m,m;yo:493px,493px,103px,69px;\"\n\t\t\t\t\t\t\t\tdata-text=\"s:12;l:14;ls:1px;fw:600;\"\n\t\t\t\t\t\t\t\tdata-vbility=\"f,f,f,f\"\n\t\t\t\t\t\t\t\tdata-rsp_bd=\"off\"\n\t\t\t\t\t\t\t\tdata-padding=\"t:12,12,8,8;r:35,35,25,20;b:12,12,8,8;l:35,35,25,20;\"\n\t\t\t\t\t\t\t\tdata-frame_0=\"y:50px;tp:600;\"\n\t\t\t\t\t\t\t\tdata-frame_1=\"tp:600;e:power2.inOut;st:1330;sp:390;sR:1330;\"\n\t\t\t\t\t\t\t\tdata-frame_999=\"y:-50px;o:0;tp:600;e:nothing;st:w;sR:7280;\"\n\t\t\t\t\t\t\t\tdata-frame_hover=\"c:#000;bgc:#fff;boc:#000;bor:0px,0px,0px,0px;bos:solid;oX:50;oY:50;sp:0;e:none;\"\n\t\t\t\t\t\t\t\tstyle=\"z-index:8;background-color:#fcc91b;font-family:Poppins;text-transform:uppercase;cursor:pointer;outline:none;box-shadow:none;box-sizing:border-box;-moz-box-sizing:border-box;-webkit-box-sizing:border-box;\"\n\t\t\t\t\t\t\t>Read more \n\t\t\t\t\t\t\t<\/rs-layer><!--\n\n\t\t\t\t\t\t\t--><rs-layer\n\t\t\t\t\t\t\t\tid=\"slider-6-slide-31-layer-7\" \n\t\t\t\t\t\t\t\tdata-type=\"text\"\n\t\t\t\t\t\t\t\tdata-color=\"#0a0202\"\n\t\t\t\t\t\t\t\tdata-rsp_ch=\"on\"\n\t\t\t\t\t\t\t\tdata-xy=\"x:l,l,l,c;xo:10px,10px,10px,0;y:t,t,m,m;yo:255px,255px,-116px,-116px;\"\n\t\t\t\t\t\t\t\tdata-text=\"s:18,18,14,12;l:22;fw:500;\"\n\t\t\t\t\t\t\t\tdata-padding=\"t:2;r:10;b:2;l:10;\"\n\t\t\t\t\t\t\t\tdata-frame_0=\"tp:600;\"\n\t\t\t\t\t\t\t\tdata-frame_1=\"tp:600;e:power2.inOut;st:540;sR:540;\"\n\t\t\t\t\t\t\t\tdata-frame_999=\"o:0;tp:600;e:nothing;st:w;sR:8160;\"\n\t\t\t\t\t\t\t\tstyle=\"z-index:6;background-color:rgba(252,201,27,0.8);font-family:Poppins;text-transform:uppercase;\"\n\t\t\t\t\t\t\t>HUSRB\/1602\/42\/0073 \n\t\t\t\t\t\t\t<\/rs-layer><!--\n-->\t\t\t\t\t\t<\/rs-slide>\n\t\t\t\t\t<\/rs-slides>\n\t\t\t\t\t<rs-progress class=\"rs-bottom\" style=\"visibility: hidden !important;\"><\/rs-progress>\n\t\t\t\t<\/rs-module>\n\t\t\t\t<script type=\"text\/javascript\">\n\t\t\t\t\tsetREVStartSize({c: 'rev_slider_6_1',rl:[1240,1240,778,480],el:[800,800,500,400],gw:[1170,1170,778,480],gh:[800,800,500,400],type:'standard',justify:'',layout:'fullwidth',mh:\"0\"});\n\t\t\t\t\tvar\trevapi6,\n\t\t\t\t\t\ttpj;\n\t\t\t\t\tjQuery(function() {\n\t\t\t\t\t\ttpj = jQuery;\n\t\t\t\t\t\tif(tpj(\"#rev_slider_6_1\").revolution == undefined){\n\t\t\t\t\t\t\trevslider_showDoubleJqueryError(\"#rev_slider_6_1\");\n\t\t\t\t\t\t}else{\n\t\t\t\t\t\t\trevapi6 = tpj(\"#rev_slider_6_1\").show().revolution({\n\t\t\t\t\t\t\t\tjsFileLocation:\"\/\/lavanda.org.rs\/wp-content\/plugins\/revslider\/public\/assets\/js\/\",\n\t\t\t\t\t\t\t\tvisibilityLevels:\"1240,1240,778,480\",\n\t\t\t\t\t\t\t\tgridwidth:\"1170,1170,778,480\",\n\t\t\t\t\t\t\t\tgridheight:\"800,800,500,400\",\n\t\t\t\t\t\t\t\tspinner:\"spinner0\",\n\t\t\t\t\t\t\t\teditorheight:\"800,768,500,400\",\n\t\t\t\t\t\t\t\tresponsiveLevels:\"1240,1240,778,480\",\n\t\t\t\t\t\t\t\tdisableProgressBar:\"on\",\n\t\t\t\t\t\t\t\tnavigation: {\n\t\t\t\t\t\t\t\t\tmouseScrollNavigation:false,\n\t\t\t\t\t\t\t\t\tarrows: {\n\t\t\t\t\t\t\t\t\t\tenable:true,\n\t\t\t\t\t\t\t\t\t\tstyle:\"custom\",\n\t\t\t\t\t\t\t\t\t\thide_onleave:true,\n\t\t\t\t\t\t\t\t\t\tleft: {\n\n\t\t\t\t\t\t\t\t\t\t},\n\t\t\t\t\t\t\t\t\t\tright: {\n\n\t\t\t\t\t\t\t\t\t\t}\n\t\t\t\t\t\t\t\t\t},\n\t\t\t\t\t\t\t\t\tbullets: {\n\t\t\t\t\t\t\t\t\t\tenable:true,\n\t\t\t\t\t\t\t\t\t\ttmp:\"\",\n\t\t\t\t\t\t\t\t\t\tstyle:\"hermes\",\n\t\t\t\t\t\t\t\t\t\tspace:10\n\t\t\t\t\t\t\t\t\t}\n\t\t\t\t\t\t\t\t},\n\t\t\t\t\t\t\t\tfallbacks: {\n\t\t\t\t\t\t\t\t\tallowHTML5AutoPlayOnAndroid:true\n\t\t\t\t\t\t\t\t},\n\t\t\t\t\t\t\t});\n\t\t\t\t\t\t}\n\t\t\t\t\t\t\n\t\t\t\t\t});\n\t\t\t\t<\/script>\n\t\t\t\t<script>\n\t\t\t\t\tvar htmlDivCss = unescape(\"%23rev_slider_6_1_wrapper%20.custom.tparrows%20%7B%0A%09cursor%3Apointer%3B%0A%09background%3A%23000%3B%0A%09background%3Argba%280%2C0%2C0%2C0.5%29%3B%0A%09width%3A40px%3B%0A%09height%3A40px%3B%0A%09position%3Aabsolute%3B%0A%09display%3Ablock%3B%0A%09z-index%3A1000%3B%0A%7D%0A%23rev_slider_6_1_wrapper%20.custom.tparrows%3Ahover%20%7B%0A%09background%3A%23000%3B%0A%7D%0A%23rev_slider_6_1_wrapper%20.custom.tparrows%3Abefore%20%7B%0A%09font-family%3A%20%27revicons%27%3B%0A%09font-size%3A15px%3B%0A%09color%3A%23fff%3B%0A%09display%3Ablock%3B%0A%09line-height%3A%2040px%3B%0A%09text-align%3A%20center%3B%0A%7D%0A%23rev_slider_6_1_wrapper%20.custom.tparrows.tp-leftarrow%3Abefore%20%7B%0A%09content%3A%20%27%5Ce824%27%3B%0A%7D%0A%23rev_slider_6_1_wrapper%20.custom.tparrows.tp-rightarrow%3Abefore%20%7B%0A%09content%3A%20%27%5Ce825%27%3B%0A%7D%0A%0A%0A%23rev_slider_6_1_wrapper%20.hermes.tp-bullets%20%7B%0A%7D%0A%0A%23rev_slider_6_1_wrapper%20.hermes%20.tp-bullet%20%7B%0A%20%20%20%20overflow%3Ahidden%3B%0A%20%20%20%20border-radius%3A50%25%3B%0A%20%20%20%20width%3A16px%3B%0A%20%20%20%20height%3A16px%3B%0A%20%20%20%20background-color%3A%20rgba%280%2C%200%2C%200%2C%200%29%3B%0A%20%20%20%20box-shadow%3A%20inset%200%200%200%202px%20%23ffffff%3B%0A%20%20%20%20-webkit-transition%3A%20background%200.3s%20ease%3B%0A%20%20%20%20transition%3A%20background%200.3s%20ease%3B%0A%20%20%20%20position%3Aabsolute%3B%0A%7D%0A%0A%23rev_slider_6_1_wrapper%20.hermes%20.tp-bullet%3Ahover%20%7B%0A%09%20%20background-color%3A%20rgba%280%2C0%2C0%2C0.21%29%3B%0A%7D%0A%23rev_slider_6_1_wrapper%20.hermes%20.tp-bullet%3Aafter%20%7B%0A%20%20content%3A%20%27%20%27%3B%0A%20%20position%3A%20absolute%3B%0A%20%20bottom%3A%200%3B%0A%20%20height%3A%200%3B%0A%20%20left%3A%200%3B%0A%20%20width%3A%20100%25%3B%0A%20%20background-color%3A%20%23ffffff%3B%0A%20%20box-shadow%3A%200%200%201px%20%23ffffff%3B%0A%20%20-webkit-transition%3A%20height%200.3s%20ease%3B%0A%20%20transition%3A%20height%200.3s%20ease%3B%0A%7D%0A%23rev_slider_6_1_wrapper%20.hermes%20.tp-bullet.selected%3Aafter%20%7B%0A%20%20height%3A100%25%3B%0A%7D%0A%0A\");\n\t\t\t\t\tvar htmlDiv = document.getElementById('rs-plugin-settings-inline-css');\n\t\t\t\t\tif(htmlDiv) {\n\t\t\t\t\t\thtmlDiv.innerHTML = htmlDiv.innerHTML + htmlDivCss;\n\t\t\t\t\t}else{\n\t\t\t\t\t\tvar htmlDiv = document.createElement('div');\n\t\t\t\t\t\thtmlDiv.innerHTML = '<style>' + htmlDivCss + '<\/style>';\n\t\t\t\t\t\tdocument.getElementsByTagName('head')[0].appendChild(htmlDiv.childNodes[0]);\n\t\t\t\t\t}\n\t\t\t\t<\/script>\n\t\t\t\t<script>\n\t\t\t\t\tvar htmlDivCss = unescape(\"%0A%0A%0A%0A%0A%0A%0A%0A%0A%0A\");\n\t\t\t\t\tvar htmlDiv = document.getElementById('rs-plugin-settings-inline-css');\n\t\t\t\t\tif(htmlDiv) {\n\t\t\t\t\t\thtmlDiv.innerHTML = htmlDiv.innerHTML + htmlDivCss;\n\t\t\t\t\t}else{\n\t\t\t\t\t\tvar htmlDiv = document.createElement('div');\n\t\t\t\t\t\thtmlDiv.innerHTML = '<style>' + htmlDivCss + '<\/style>';\n\t\t\t\t\t\tdocument.getElementsByTagName('head')[0].appendChild(htmlDiv.childNodes[0]);\n\t\t\t\t\t}\n\t\t\t\t<\/script>\n\t\t\t<\/rs-module-wrap>\n\t\t\t<!-- END REVOLUTION SLIDER -->\n[\/vc_column][\/vc_row][vc_row][vc_column offset=&#8221;vc_col-lg-6 vc_col-md-6&#8243;][vc_row_inner][vc_column_inner][gva_block_heading title=&#8221;WOMEN-TO-SAVE PROJEKT&#8221; style=&#8221;style-2&#8243; align=&#8221;align-left&#8221; desc=&#8221;Aenean lacinia bibendum nulla sed consectetur. Integer posuere erat a ante venenatis dapibus posuere velit aliquet.&#8221; subtitle=&#8221;HUSRB\/1602\/42\/0073&#8243;]Zombor v\u00e1rosa a projektpartnerekkel egy\u00fctt, az \u00dajvid\u00e9ki Tud\u00e1s- \u00e9s K\u00e9szs\u00e9gfejleszt\u00e9si K\u00f6zponttal, a Zombori Szoci\u00e1lis Munka K\u00f6zpontj\u00e1val \u00e9s a Halasi M\u00e9dia \u00e9s Kult\u00fara Nonprofit Kft-vel r\u00e9szt vett az INTERREG IPA Hat\u00e1ron \u00c1tny\u00fal\u00f3 Egy\u00fcttm\u0171k\u00f6d\u00e9s Magyarorsz\u00e1g-Szerbia 2014-2020 program II. felh\u00edv\u00e1s\u00e1ban.[\/gva_block_heading][\/vc_column_inner][\/vc_row_inner][vc_row_inner][vc_column_inner width=&#8221;1\/2&#8243; offset=&#8221;vc_col-xs-6&#8243;][gva_counter title=&#8221;N\u0151k a projektben&#8221; icon=&#8221;gv-icon-449&#8243; number=&#8221;180&#8243; icon_color=&#8221;#ff9800&#8243;][\/gva_counter][\/vc_column_inner][vc_column_inner width=&#8221;1\/2&#8243; offset=&#8221;vc_col-xs-6&#8243;][gva_counter title=&#8221;A projekt \u00e9rt\u00e9ke&#8221; icon=&#8221;gv-icon-994&#8243; number=&#8221;207134.40&#8243; symbol=&#8221;\u20ac&#8221; icon_color=&#8221;#8bca4e&#8221;][\/gva_counter][\/vc_column_inner][\/vc_row_inner][vc_row_inner][vc_column_inner width=&#8221;1\/2&#8243; offset=&#8221;vc_col-xs-6&#8243;][gva_counter title=&#8221;Levendula mez\u0151&#8221; icon=&#8221;gv-icon-1566&#8243; number=&#8221;5&#8243; symbol=&#8221;Ha&#8221; icon_color=&#8221;#fec501&#8243;][\/gva_counter][\/vc_column_inner][vc_column_inner width=&#8221;1\/2&#8243; offset=&#8221;vc_col-xs-6&#8243;][gva_counter title=&#8221;Levendula pal\u00e1nt\u00e1k&#8221; icon=&#8221;gv-icon-1568&#8243; number=&#8221;60000&#8243; icon_color=&#8221;#5586e8&#8243;][\/gva_counter][\/vc_column_inner][\/vc_row_inner][\/vc_column][vc_column offset=&#8221;vc_col-lg-6 vc_col-md-6&#8243;][gva_box_video photo=&#8221;4746&#8243;]https:\/\/www.youtube.com\/watch?v=zLujYkzv1aM[\/gva_box_video][\/vc_column][\/vc_row][vc_row parallax=&#8221;content-moving&#8221; parallax_image=&#8221;4781&#8243; parallax_speed_bg=&#8221;1.6&#8243; isfullwidth=&#8221;&#8221; css=&#8221;.vc_custom_1583672913725{padding-bottom: 0px !important;background-color: #f4f5f9 !important;}&#8221;][vc_column][vc_row_inner][vc_column_inner][gva_block_heading title=&#8221;A projekt egyszer\u0171s\u00edtett l\u00e9p\u00e9sei&#8221; style_text=&#8221;text-light&#8221; desc=&#8221;Donec id elit non mi porta gravida at eget metus lorem ipsum dolor.&#8221;][\/gva_block_heading][\/vc_column_inner][\/vc_row_inner][vc_row_inner][vc_column_inner width=&#8221;1\/2&#8243; offset=&#8221;vc_col-lg-3 vc_col-md-3&#8243;][gva_icon_box title=&#8221;Kutat\u00e1s&#8221; description=&#8221;C\u00e9lcsoport kutat\u00e1s, v\u00e1rhat\u00f3 eredm\u00e9nyek \u00e9s eredm\u00e9nyek.&#8221; icon_position=&#8221;top-center v2&#8243; icon_width=&#8221;fa-2x&#8221; skin_text=&#8221;text-light&#8221; icon_color=&#8221;#FFA600&#8243; image=&#8221;3846&#8243;][\/vc_column_inner][vc_column_inner width=&#8221;1\/2&#8243; offset=&#8221;vc_col-lg-3 vc_col-md-3&#8243;][gva_icon_box title=&#8221;Teremt\u00e9s&#8221; description=&#8221;A j\u00f3 projekt l\u00e9trehoz\u00e1s\u00e1nak m\u00f3dszertani megk\u00f6zel\u00edt\u00e9se.&#8221; icon_position=&#8221;top-center v2&#8243; icon_width=&#8221;fa-2x&#8221; skin_text=&#8221;text-light&#8221; icon_color=&#8221;#FFA600&#8243; image=&#8221;3843&#8243;][\/vc_column_inner][vc_column_inner width=&#8221;1\/2&#8243; offset=&#8221;vc_col-lg-3 vc_col-md-3&#8243;][gva_icon_box title=&#8221;Hat\u00e1s&#8221; description=&#8221;C\u00e9lcsoportokat bevon\u00f3 projekt megval\u00f3s\u00edt\u00e1sa.&#8221; icon_position=&#8221;top-center v2&#8243; icon_width=&#8221;fa-2x&#8221; skin_text=&#8221;text-light&#8221; icon_color=&#8221;#FFA600&#8243; image=&#8221;3844&#8243;][\/vc_column_inner][vc_column_inner width=&#8221;1\/2&#8243; offset=&#8221;vc_col-lg-3 vc_col-md-3&#8243;][gva_icon_box title=&#8221;Eredm\u00e9nyek&#8221; description=&#8221;&#8220;Elterjedt a mag&#8220; a vil\u00e1ggal &#8211; Eredm\u00e9nyek.&#8221; icon_position=&#8221;top-center v2&#8243; icon_width=&#8221;fa-2x&#8221; skin_text=&#8221;text-light&#8221; icon_color=&#8221;#FFA600&#8243; image=&#8221;3845&#8243;][\/vc_column_inner][\/vc_row_inner][\/vc_column][\/vc_row][vc_row][vc_column][gva_block_heading title=&#8221;Bejegyz\u00e9sek a m\u00e9dia lefedetts\u00e9g\u00e9r\u0151l&#8221; style=&#8221;style-2&#8243; align=&#8221;align-left-2&#8243; subtitle=&#8221;HUSRB\/1602\/42\/0073&#8243; desc=&#8221;Aenean lacinia bibendum nulla sed consectetur. Integer posuere erat a ante venenatis dapibus posuere velit aliquet&#8221;]<\/p>\n<p id=\"tw-target-text\" class=\"tw-data-text tw-text-large tw-ta\" dir=\"ltr\" data-placeholder=\"Prevod\">M\u00e9diale\u00edr\u00e1sok &#8211; TV, nyomtatott, online \u00e9s egy\u00e9b m\u00e9dia.<\/p>\n<p>[\/gva_block_heading][gva_portfolio_slideset filter=&#8221;true&#8221; remove_padding=&#8221;&#8221; items_lg=&#8221;3&#8243; items_md=&#8221;3&#8243; items_sm=&#8221;2&#8243; items_xs=&#8221;1&#8243;][vc_column_text el_class=&#8221;text-center margin-bottom-0&#8243;]<\/p>\n<div class=\"text-medium text-black margin-bottom-10 margin-top-20\">Az \u00f6sszes m\u00e9diabejegyz\u00e9s megtekint\u00e9s\u00e9hez k\u00e9rj\u00fck, kattintson a k\u00f6vetkez\u0151 gombra.<\/div>\n<p><a class=\"btn-theme\" href=\"#\">\u00d6sszes megtekint\u00e9se<\/a>[\/vc_column_text][\/vc_column][\/vc_row][vc_row isfullwidth=&#8221;0&#8243; css=&#8221;.vc_custom_1534492297757{background-position: 0 0 !important;background-repeat: repeat !important;}&#8221;][vc_column width=&#8221;2\/3&#8243; css=&#8221;.vc_custom_1535689861668{margin-bottom: 30px !important;padding-top: 30px !important;padding-right: 30px !important;padding-bottom: 30px !important;padding-left: 30px !important;background-color: #f4f5f9 !important;}&#8221;][gva_block_heading title=&#8221;Legut\u00f3bbi blogbejegyz\u00e9sek&#8221; style=&#8221;style-4&#8243; align=&#8221;align-left&#8221;][\/gva_block_heading][gva_blogs_list excerpt_words=&#8221;15&#8243; read_more=&#8221;true&#8221; loop=&#8221;size:3|order_by:date|post_type:post&#8221;][\/vc_column][vc_column width=&#8221;1\/3&#8243;][gva_facebook_box page_url=&#8221;https:\/\/www.facebook.com\/womentosave\/&#8221; width=&#8221;370&#8243; height=&#8221;450&#8243; show_faces=&#8221;1&#8243; show_stream=&#8221;1&#8243; show_header=&#8221;1&#8243;][vc_single_image image=&#8221;5293&#8243; img_size=&#8221;full&#8221; alignment=&#8221;center&#8221;][\/vc_column][\/vc_row][vc_row row_space=&#8221;remove_padding_top&#8221; custom_background=&#8221;bg-center&#8221; css=&#8221;.vc_custom_1583672500326{background-image: url(https:\/\/themesgavias.com\/wp\/kunco\/wp-contenthttp:\/\/lavanda.org.rs\/wp-content\/uploads\/2018\/07\/map.png?id=2956) !important;}&#8221;][vc_column][gva_block_heading title=&#8221;Projektpartnerek&#8221; style=&#8221;style-3&#8243; desc=&#8221;Our Partners Are From All Over The World.&#8221;]<\/p>\n<p id=\"tw-target-text\" class=\"tw-data-text tw-text-large tw-ta\" dir=\"ltr\" data-placeholder=\"Prevod\"><span lang=\"hu\">PROJEKT PARTNEREINK SERBI\u00c1T\u00d3L \u00c9S MAGYARORSZ\u00c1GON<\/span><\/p>\n<p>[\/gva_block_heading][gva_brands per_page=&#8221;12&#8243; style=&#8221;style-2&#8243; items_lg=&#8221;4&#8243; items_md=&#8221;4&#8243; items_sm=&#8221;3&#8243; items_xs=&#8221;2&#8243; ca_navigation=&#8221;0&#8243; ca_pagination=&#8221;0&#8243; columns=&#8221;5&#8243;][\/vc_column][\/vc_row][vc_row row_space=&#8221;remove_padding_top&#8221;][vc_column][vc_widget_sidebar sidebar_id=&#8221;instagram_sidebar&#8221; el_class=&#8221;margin-bottom-0&#8243;][\/vc_column][\/vc_row]<\/p>\n","protected":false},"excerpt":{"rendered":"<p>[vc_row fullwidth=&#8221;0&#8243; row_space=&#8221;remove_padding&#8221; isfullwidth=&#8221;0&#8243;][vc_column][\/vc_column][\/vc_row][vc_row][vc_column offset=&#8221;vc_col-lg-6 vc_col-md-6&#8243;][vc_row_inner][vc_column_inner][gva_block_heading title=&#8221;WOMEN-TO-SAVE PROJEKT&#8221; style=&#8221;style-2&#8243; align=&#8221;align-left&#8221; desc=&#8221;Aenean lacinia bibendum nulla sed consectetur. Integer posuere erat a ante venenatis dapibus posuere velit aliquet.&#8221; subtitle=&#8221;HUSRB\/1602\/42\/0073&#8243;]Zombor v\u00e1rosa a projektpartnerekkel egy\u00fctt, az \u00dajvid\u00e9ki Tud\u00e1s- \u00e9s K\u00e9szs\u00e9gfejleszt\u00e9si K\u00f6zponttal, a Zombori Szoci\u00e1lis Munka K\u00f6zpontj\u00e1val \u00e9s a Halasi M\u00e9dia \u00e9s Kult\u00fara Nonprofit Kft-vel r\u00e9szt vett az INTERREG IPA [&hellip;]<\/p>\n","protected":false},"author":1,"featured_media":0,"parent":0,"menu_order":0,"comment_status":"closed","ping_status":"closed","template":"","meta":{"_bbp_topic_count":0,"_bbp_reply_count":0,"_bbp_total_topic_count":0,"_bbp_total_reply_count":0,"_bbp_voice_count":0,"_bbp_anonymous_reply_count":0,"_bbp_topic_count_hidden":0,"_bbp_reply_count_hidden":0,"_bbp_forum_subforum_count":0},"_links":{"self":[{"href":"http:\/\/lavanda.org.rs\/hu\/wp-json\/wp\/v2\/pages\/4941"}],"collection":[{"href":"http:\/\/lavanda.org.rs\/hu\/wp-json\/wp\/v2\/pages"}],"about":[{"href":"http:\/\/lavanda.org.rs\/hu\/wp-json\/wp\/v2\/types\/page"}],"author":[{"embeddable":true,"href":"http:\/\/lavanda.org.rs\/hu\/wp-json\/wp\/v2\/users\/1"}],"replies":[{"embeddable":true,"href":"http:\/\/lavanda.org.rs\/hu\/wp-json\/wp\/v2\/comments?post=4941"}],"version-history":[{"count":9,"href":"http:\/\/lavanda.org.rs\/hu\/wp-json\/wp\/v2\/pages\/4941\/revisions"}],"predecessor-version":[{"id":5296,"href":"http:\/\/lavanda.org.rs\/hu\/wp-json\/wp\/v2\/pages\/4941\/revisions\/5296"}],"wp:attachment":[{"href":"http:\/\/lavanda.org.rs\/hu\/wp-json\/wp\/v2\/media?parent=4941"}],"curies":[{"name":"wp","href":"https:\/\/api.w.org\/{rel}","templated":true}]}}