{"id":5508,"date":"2020-03-12T23:43:54","date_gmt":"2020-03-12T22:43:54","guid":{"rendered":"http:\/\/lavanda.org.rs\/?page_id=5508"},"modified":"2020-03-12T23:49:16","modified_gmt":"2020-03-12T22:49:16","slug":"levendula-fajtak","status":"publish","type":"page","link":"http:\/\/lavanda.org.rs\/hu\/levendula-fajtak\/","title":{"rendered":"Levendula fajt\u00e1k"},"content":{"rendered":"<p>[vc_row row_space=&#8221;remove_margin remove_padding remove_padding_col&#8221;][vc_column][vc_column_text]<\/p>\n<p style=\"text-align: center;\">25-30 k\u00fcl\u00f6nb\u00f6z\u0151 t\u00edpus\u00fa levendula l\u00e9tezik; ezek k\u00f6z\u00fcl n\u00e9h\u00e1ny a k\u00f6vetkez\u0151:<\/p>\n<p style=\"text-align: center;\"><strong>Lavandula abrotanoides, Lavandula angustifolia, Lavandula canariensis, Lavandula dentata, Lavandula lanata, Lavandula latifolia, Lavandula multifida, Lavandula pinnata, Lavandula stoechas, Lavandula viridis, Lavandula x intermedia<\/strong><\/p>\n<p style=\"text-align: center;\">Az ill\u00f3olaj el\u0151\u00e1ll\u00edt\u00e1s\u00e1n\u00e1l haszn\u00e1lt levendula legelterjedtebb t\u00edpusai [2]:<\/p>\n<p style=\"text-align: center;\"><strong>K\u00f6z\u00f6ns\u00e9ges levendula (szinon\u00edm\u00e1k: L. vera, L. angustifolia), Sz\u00e9leslevel\u0171 levendula (Lavandula spica, szinon\u00edma: L. latifolia), F\u00fcz\u00e9res levendula (Lavandula stoechas, kiejt\u00e9se \/stehas\/), Lavandin (Lavandula x hybrida)<\/strong><\/p>\n<p style=\"text-align: center;\">pl. Hvar sziget\u00e9r\u0151l <strong>sz\u00e1rmaz\u00f3 levendula<\/strong>. A levendula nagyon n\u00e9pszer\u0171 dekorat\u00edv n\u00f6v\u00e9ny, amelyet nemr\u00e9giben \u00fcltetv\u00e9nyeken is termesztettek. Nem ig\u00e9nyel k\u00fcl\u00f6nleges talajmin\u0151s\u00e9get, ez\u00e9rt nagyon gazdas\u00e1gos a talajm\u0171vel\u00e9s, \u00e9s j\u00f3 m\u00e9hlegel\u0151k\u00e9nt is felhaszn\u00e1lj\u00e1k.<\/p>\n<p>[\/vc_column_text][\/vc_column][\/vc_row]<\/p>\n","protected":false},"excerpt":{"rendered":"<p>[vc_row row_space=&#8221;remove_margin remove_padding remove_padding_col&#8221;][vc_column][vc_column_text] 25-30 k\u00fcl\u00f6nb\u00f6z\u0151 t\u00edpus\u00fa levendula l\u00e9tezik; ezek k\u00f6z\u00fcl n\u00e9h\u00e1ny a k\u00f6vetkez\u0151: Lavandula abrotanoides, Lavandula angustifolia, Lavandula canariensis, Lavandula dentata, Lavandula lanata, Lavandula latifolia, Lavandula multifida, Lavandula pinnata, Lavandula stoechas, Lavandula viridis, Lavandula x intermedia Az ill\u00f3olaj el\u0151\u00e1ll\u00edt\u00e1s\u00e1n\u00e1l haszn\u00e1lt levendula legelterjedtebb t\u00edpusai [2]: K\u00f6z\u00f6ns\u00e9ges levendula (szinon\u00edm\u00e1k: L. vera, L. angustifolia), Sz\u00e9leslevel\u0171 levendula (Lavandula [&hellip;]<\/p>\n","protected":false},"author":1,"featured_media":0,"parent":0,"menu_order":0,"comment_status":"closed","ping_status":"closed","template":"","meta":{"_bbp_topic_count":0,"_bbp_reply_count":0,"_bbp_total_topic_count":0,"_bbp_total_reply_count":0,"_bbp_voice_count":0,"_bbp_anonymous_reply_count":0,"_bbp_topic_count_hidden":0,"_bbp_reply_count_hidden":0,"_bbp_forum_subforum_count":0},"_links":{"self":[{"href":"http:\/\/lavanda.org.rs\/hu\/wp-json\/wp\/v2\/pages\/5508"}],"collection":[{"href":"http:\/\/lavanda.org.rs\/hu\/wp-json\/wp\/v2\/pages"}],"about":[{"href":"http:\/\/lavanda.org.rs\/hu\/wp-json\/wp\/v2\/types\/page"}],"author":[{"embeddable":true,"href":"http:\/\/lavanda.org.rs\/hu\/wp-json\/wp\/v2\/users\/1"}],"replies":[{"embeddable":true,"href":"http:\/\/lavanda.org.rs\/hu\/wp-json\/wp\/v2\/comments?post=5508"}],"version-history":[{"count":3,"href":"http:\/\/lavanda.org.rs\/hu\/wp-json\/wp\/v2\/pages\/5508\/revisions"}],"predecessor-version":[{"id":5517,"href":"http:\/\/lavanda.org.rs\/hu\/wp-json\/wp\/v2\/pages\/5508\/revisions\/5517"}],"wp:attachment":[{"href":"http:\/\/lavanda.org.rs\/hu\/wp-json\/wp\/v2\/media?parent=5508"}],"curies":[{"name":"wp","href":"https:\/\/api.w.org\/{rel}","templated":true}]}}