{"id":4134,"date":"2020-03-08T01:16:08","date_gmt":"2020-03-08T00:16:08","guid":{"rendered":"http:\/\/lavanda.org.rs\/?page_id=4134"},"modified":"2020-03-11T01:51:19","modified_gmt":"2020-03-11T00:51:19","slug":"general-info-about-lavangrad","status":"publish","type":"page","link":"https:\/\/lavanda.org.rs\/en\/general-info-about-lavangrad\/","title":{"rendered":"General info about Lavangrad"},"content":{"rendered":"<p>[vc_row row_space=&#8221;remove_margin remove_padding remove_padding_col&#8221;][vc_column][vc_column_text]<\/p>\r\n<h2 style=\"text-align: center;\"><strong>FOUNDER&#8217;S ACT<br \/><\/strong><strong>\u201eLAVANGRAD\u201c ASSOCIATION<\/strong><\/h2>\r\n<h2><\/h2>\r\n<p><strong><!-- \/wp:paragraph --><\/strong><\/p>\r\n<p><strong><!-- \/wp:paragraph --><\/strong><\/p>\r\n<p><strong><!-- \/wp:paragraph --><\/strong><\/p>\r\n<p><strong><!-- \/wp:paragraph --><\/strong><\/p>\r\n<p><strong><!-- \/wp:paragraph --><\/strong><\/p>\r\n<p><strong><!-- \/wp:paragraph --><\/strong><\/p>\r\n<p><strong><!-- \/wp:paragraph --><\/strong><\/p>\r\n<p><strong><!-- \/wp:paragraph --><\/strong><\/p>\r\n<p>[\/vc_column_text][\/vc_column][\/vc_row][vc_row row_space=&#8221;remove_margin remove_padding remove_padding_col&#8221;][vc_column width=&#8221;1\/2&#8243;][vc_column_text]<\/p>\r\n<p style=\"text-align: left;\"><!-- \/wp:paragraph --><\/p>\r\n<p style=\"text-align: center;\"><strong>Founders:<\/strong><\/p>\r\n<p style=\"text-align: center;\"><strong><!-- \/wp:paragraph --><\/strong><\/p>\r\n<p style=\"text-align: center;\"><strong><!-- wp:paragraph -->1. Zdenka Miti\u0107<br \/><\/strong><strong><!-- wp:paragraph -->2. Jelisaveta Be\u0161enji<br \/><\/strong><strong><!-- wp:paragraph -->3. Magdolna Geler<br \/><\/strong><strong><!-- wp:paragraph -->4. Terezija Odri<br \/><\/strong><strong><!-- wp:paragraph -->5. Rozalija Bagi<br \/><\/strong><strong><!-- wp:paragraph -->6. Marija Ma\u0107u\u0161<br \/><\/strong><strong><!-- wp:paragraph -->7. Sandra Bagi<br \/><\/strong><strong><!-- wp:paragraph -->8. Gabrijela Pe\u0161ti<br \/><\/strong><strong><!-- wp:paragraph -->9. Hilda Bagi<\/strong><\/p>\r\n<p>[\/vc_column_text][\/vc_column][vc_column width=&#8221;1\/2&#8243;][vc_single_image image=&#8221;5021&#8243; img_size=&#8221;full&#8221; alignment=&#8221;center&#8221; style=&#8221;vc_box_circle_2&#8243;][\/vc_column][\/vc_row][vc_row row_space=&#8221;remove_margin remove_padding remove_padding_col&#8221;][vc_column][vc_column_text]<\/p>\r\n<p style=\"text-align: left;\">Hereby establish: \u201eLavangrad\u201c Association, Ba\u010dki Mono\u0161tor<\/p>\r\n<p style=\"text-align: left;\"><!-- \/wp:paragraph --><\/p>\r\n<p style=\"text-align: left;\"><!-- wp:paragraph -->This Association is established to attain goals in the field of rural development, sustainable development of the local community, entrepreneurship and tourism development and to empower women in rural areas.<\/p>\r\n<p style=\"text-align: left;\"><!-- \/wp:paragraph --><\/p>\r\n<p style=\"text-align: left;\"><!-- wp:paragraph -->The Association is established with the following goals:<\/p>\r\n<p style=\"text-align: left;\"><!-- \/wp:paragraph --><\/p>\r\n<p style=\"text-align: left;\"><!-- wp:paragraph -->Goals of the Association: rural development, sustainable development of the local community, entrepreneurship and tourism development, women empowering in rural areas, promotion of ecological farming, healthy life styles, use and growth of medicinal, culinary and other herbs.<\/p>\r\n<p style=\"text-align: left;\"><!-- \/wp:paragraph --><\/p>\r\n<p style=\"text-align: left;\"><!-- wp:paragraph -->The Association shall particularly be dedicated towards:<\/p>\r\n<p style=\"text-align: left;\"><!-- \/wp:paragraph --><\/p>\r\n<p style=\"text-align: left;\"><!-- wp:paragraph -->1) gathering and studying professional literature in rural development, sustainable development of local communities, entrepreneurship and tourism development, women empowering in rural areas, promotion of ecological farming, healthy life styles, use and growth of medicinal, culinary and other herbs,<\/p>\r\n<p style=\"text-align: left;\"><!-- \/wp:paragraph --><\/p>\r\n<p style=\"text-align: left;\"><!-- wp:paragraph -->2) organising by itself or jointly with other organizations, conferences, events, counselling, promotions, seminars and other forms of education,<\/p>\r\n<p style=\"text-align: left;\"><!-- \/wp:paragraph --><\/p>\r\n<p style=\"text-align: left;\"><!-- wp:paragraph -->3) cooperating with universities, schools, professional associations and other domestic and foreign associations for rural development, \u00a0sustainable development of local communities, entrepreneurship and tourism development, women empowering in rural areas, promotion of ecological farming, healthy life styles, use and growth of medicinal, culinary and other herbs, lja.<\/p>\r\n<p style=\"text-align: left;\"><!-- \/wp:paragraph --><!-- \/wp:paragraph --><\/p>\r\n<p style=\"text-align: left;\"><!-- wp:paragraph -->Appointed representative of the Association: Zdenka Miti\u0107, 68, Ive Lole Ribara,<\/p>\r\n<p style=\"text-align: left;\"><!-- \/wp:paragraph --><\/p>\r\n<p style=\"text-align: left;\"><!-- wp:paragraph -->Ba\u010dki Mono\u0161tor<\/p>\r\n<p>[\/vc_column_text][\/vc_column][\/vc_row]<\/p>","protected":false},"excerpt":{"rendered":"<p>[vc_row row_space=&#8221;remove_margin remove_padding remove_padding_col&#8221;][vc_column][vc_column_text] FOUNDER&#8217;S ACT\u201eLAVANGRAD\u201c ASSOCIATION [\/vc_column_text][\/vc_column][\/vc_row][vc_row row_space=&#8221;remove_margin remove_padding remove_padding_col&#8221;][vc_column width=&#8221;1\/2&#8243;][vc_column_text] Founders: 1. Zdenka Miti\u01072. Jelisaveta Be\u0161enji3. Magdolna Geler4. Terezija Odri5. Rozalija Bagi6. Marija Ma\u0107u\u01617. Sandra Bagi8. Gabrijela Pe\u0161ti9. Hilda Bagi [\/vc_column_text][\/vc_column][vc_column width=&#8221;1\/2&#8243;][vc_single_image image=&#8221;5021&#8243; img_size=&#8221;full&#8221; alignment=&#8221;center&#8221; style=&#8221;vc_box_circle_2&#8243;][\/vc_column][\/vc_row][vc_row row_space=&#8221;remove_margin remove_padding remove_padding_col&#8221;][vc_column][vc_column_text] Hereby establish: \u201eLavangrad\u201c Association, Ba\u010dki Mono\u0161tor This Association is established to attain goals in [&hellip;]<\/p>\n","protected":false},"author":1,"featured_media":0,"parent":0,"menu_order":0,"comment_status":"closed","ping_status":"closed","template":"","meta":{"_bbp_topic_count":0,"_bbp_reply_count":0,"_bbp_total_topic_count":0,"_bbp_total_reply_count":0,"_bbp_voice_count":0,"_bbp_anonymous_reply_count":0,"_bbp_topic_count_hidden":0,"_bbp_reply_count_hidden":0,"_bbp_forum_subforum_count":0},"_links":{"self":[{"href":"https:\/\/lavanda.org.rs\/en\/wp-json\/wp\/v2\/pages\/4134"}],"collection":[{"href":"https:\/\/lavanda.org.rs\/en\/wp-json\/wp\/v2\/pages"}],"about":[{"href":"https:\/\/lavanda.org.rs\/en\/wp-json\/wp\/v2\/types\/page"}],"author":[{"embeddable":true,"href":"https:\/\/lavanda.org.rs\/en\/wp-json\/wp\/v2\/users\/1"}],"replies":[{"embeddable":true,"href":"https:\/\/lavanda.org.rs\/en\/wp-json\/wp\/v2\/comments?post=4134"}],"version-history":[{"count":23,"href":"https:\/\/lavanda.org.rs\/en\/wp-json\/wp\/v2\/pages\/4134\/revisions"}],"predecessor-version":[{"id":5029,"href":"https:\/\/lavanda.org.rs\/en\/wp-json\/wp\/v2\/pages\/4134\/revisions\/5029"}],"wp:attachment":[{"href":"https:\/\/lavanda.org.rs\/en\/wp-json\/wp\/v2\/media?parent=4134"}],"curies":[{"name":"wp","href":"https:\/\/api.w.org\/{rel}","templated":true}]}}