{"id":4136,"date":"2020-03-08T01:16:33","date_gmt":"2020-03-08T00:16:33","guid":{"rendered":"http:\/\/lavanda.org.rs\/?page_id=4136"},"modified":"2020-03-12T23:13:24","modified_gmt":"2020-03-12T22:13:24","slug":"about-lavangrad-contacts","status":"publish","type":"page","link":"https:\/\/lavanda.org.rs\/en\/about-lavangrad-contacts\/","title":{"rendered":"About Lavangrad contacts"},"content":{"rendered":"<p>[vc_row row_space=&#8221;remove_margin remove_padding remove_padding_col&#8221;][vc_column width=&#8221;1\/2&#8243;][vc_column_text]<\/p>\r\n<p class=\"has-text-align-center\" style=\"text-align: center;\">Official representative of Lavangrad (Lavendercity) Association:<\/p>\r\n<p style=\"text-align: center;\"><\/p>\r\n\r\n<p class=\"has-text-align-center\" style=\"text-align: center;\"><strong>Zdenka Miti\u0107, president<\/strong><\/p>\r\n<p style=\"text-align: center;\"><\/p>\r\n\r\n<p class=\"has-text-align-center\" style=\"text-align: center;\">tel: +381 63 893 81 28<\/p>\r\n<p style=\"text-align: center;\"><\/p>\r\n\r\n<p class=\"has-text-align-center\" style=\"text-align: center;\">e-mail: <a href=\"mailto:lavangrad.sombor@gmail.com\">lavangrad.sombor@gmail.com<\/a><\/p>\r\n<p style=\"text-align: center;\"><\/p>\r\n\r\n<p class=\"has-text-align-center\" style=\"text-align: center;\">address: 56, Ive Lole Ribara, 25272 Ba\u010dki Mono\u0161tor<\/p>\r\n<p style=\"text-align: center;\"><\/p>\r\n\r\n<p class=\"has-text-align-center\" style=\"text-align: center;\">field of activities: rural development; sustainable development of local community; using and growing medicinary, culinary and other herbs<\/p>\r\n<p style=\"text-align: center;\"><\/p>\r\n\r\n<p class=\"has-text-align-center\" style=\"text-align: center;\">foundation date: 06th September 2019<\/p>\r\n\r\n<p>&nbsp;<\/p>\r\n<p>[\/vc_column_text][\/vc_column][vc_column width=&#8221;1\/2&#8243;][vc_single_image image=&#8221;4995&#8243; img_size=&#8221;full&#8221; alignment=&#8221;center&#8221; style=&#8221;vc_box_circle_2&#8243;][\/vc_column][\/vc_row]<\/p>","protected":false},"excerpt":{"rendered":"<p>[vc_row row_space=&#8221;remove_margin remove_padding remove_padding_col&#8221;][vc_column width=&#8221;1\/2&#8243;][vc_column_text] Official representative of Lavangrad (Lavendercity) Association: Zdenka Miti\u0107, president tel: +381 63 893 81 28 e-mail: lavangrad.sombor@gmail.com address: 56, Ive Lole Ribara, 25272 Ba\u010dki Mono\u0161tor field of activities: rural development; sustainable development of local community; using and growing medicinary, culinary and other herbs foundation date: 06th September 2019 &nbsp; [\/vc_column_text][\/vc_column][vc_column [&hellip;]<\/p>\n","protected":false},"author":1,"featured_media":0,"parent":0,"menu_order":0,"comment_status":"closed","ping_status":"closed","template":"","meta":{"_bbp_topic_count":0,"_bbp_reply_count":0,"_bbp_total_topic_count":0,"_bbp_total_reply_count":0,"_bbp_voice_count":0,"_bbp_anonymous_reply_count":0,"_bbp_topic_count_hidden":0,"_bbp_reply_count_hidden":0,"_bbp_forum_subforum_count":0},"_links":{"self":[{"href":"https:\/\/lavanda.org.rs\/en\/wp-json\/wp\/v2\/pages\/4136"}],"collection":[{"href":"https:\/\/lavanda.org.rs\/en\/wp-json\/wp\/v2\/pages"}],"about":[{"href":"https:\/\/lavanda.org.rs\/en\/wp-json\/wp\/v2\/types\/page"}],"author":[{"embeddable":true,"href":"https:\/\/lavanda.org.rs\/en\/wp-json\/wp\/v2\/users\/1"}],"replies":[{"embeddable":true,"href":"https:\/\/lavanda.org.rs\/en\/wp-json\/wp\/v2\/comments?post=4136"}],"version-history":[{"count":12,"href":"https:\/\/lavanda.org.rs\/en\/wp-json\/wp\/v2\/pages\/4136\/revisions"}],"predecessor-version":[{"id":5489,"href":"https:\/\/lavanda.org.rs\/en\/wp-json\/wp\/v2\/pages\/4136\/revisions\/5489"}],"wp:attachment":[{"href":"https:\/\/lavanda.org.rs\/en\/wp-json\/wp\/v2\/media?parent=4136"}],"curies":[{"name":"wp","href":"https:\/\/api.w.org\/{rel}","templated":true}]}}