{"id":4140,"date":"2020-03-08T01:17:49","date_gmt":"2020-03-08T00:17:49","guid":{"rendered":"http:\/\/lavanda.org.rs\/?page_id=4140"},"modified":"2020-03-11T02:53:50","modified_gmt":"2020-03-11T01:53:50","slug":"project-short-info","status":"publish","type":"page","link":"https:\/\/lavanda.org.rs\/en\/project-short-info\/","title":{"rendered":"Project short info"},"content":{"rendered":"<p>[vc_row row_space=&#8221;remove_margin remove_padding remove_padding_col&#8221;][vc_column width=&#8221;1\/2&#8243;][vc_column_text]<\/p>\n<p style=\"text-align: left;\">The City of Sombor and its project partners, Centre for knowledge, production and skills Novi Sad, Centre for Social Welfare Sombor and Halasi M\u00e9dia \u00e9s Kult\u00fara Nonprofit Kft took part at the second call for the INTERREG IPA programme of cross border cooperation between Hungary and Serbia 2014-2020.<\/p>\n<p style=\"text-align: left;\">This programme supports cooperation between organizations from the two countries, cultivation of their joint identity and heritage of the bordering region.<\/p>\n<p style=\"text-align: left;\">The goal of the programme and the project is to improve the quality of life in the bordering region of Hungary and Serbia and to enhance economic exchange.<\/p>\n<p>\u201eSocial entrepreneurship for women in rural areas\u201c\u00a0 project was approved by the Programme Bodies of the INTERREG IPA programme for cross border cooperation between Hungary and Serbia 2014-2020 within their priority axis[\/vc_column_text][\/vc_column][vc_column width=&#8221;1\/2&#8243;][vc_single_image image=&#8221;5051&#8243; img_size=&#8221;full&#8221; alignment=&#8221;center&#8221; style=&#8221;vc_box_circle_2&#8243;][\/vc_column][\/vc_row][vc_row row_space=&#8221;remove_margin remove_padding remove_padding_col&#8221;][vc_column][vc_column_text]<\/p>\n<p style=\"text-align: center;\">4, action 4.2. \u201eStimulating and developing Social Entrepreneurship\u201c and represents a way of cooperation between the Centre for knowledge, production and skills Novi Sad, Centre for Social Welfare Sombor and Halasi M\u00e9dia \u00e9s Kult\u00fara Nonprofit Kft. The City of Sombor is the lead project partner.\u00a0 The goal of the project is to create environment that contributes to the development of the region through sustainable usage of natural resources, through development of social entrepreneurship and through raising capacities for founding clusters within social entrepreneurship among women in rural areas using innovative knowledge models and knowledge transfer. The project includes the following activities: study developing, raising awareness and training in social entrepreneurship for women in rural areas, purchasing equipment and training in growth, processing and production of lavender essential\u00a0 oils, founding clusters within social entrepreneurship, implementing data bases and Internet portal, as well as communication and publicity activities.<\/p>\n<p style=\"text-align: center;\"><strong>The total value of the project is 207.134.4 Euros, while the City of Sombor, the project partner, has the budget of \u00a098.744,4 Euros.<\/strong><\/p>\n<p style=\"text-align: center;\"><strong>Project ID: HUSRB\/1602\/42\/0073<\/strong><\/p>\n<p style=\"text-align: center;\"><strong>Project start:\u00a015th March \u00a02018<\/strong><\/p>\n<p style=\"text-align: center;\"><strong>Project end:\u00a014<sup>th<\/sup> March 2020<\/strong><\/p>\n<p>[\/vc_column_text][\/vc_column][\/vc_row]<\/p>\n","protected":false},"excerpt":{"rendered":"<p>[vc_row row_space=&#8221;remove_margin remove_padding remove_padding_col&#8221;][vc_column width=&#8221;1\/2&#8243;][vc_column_text] The City of Sombor and its project partners, Centre for knowledge, production and skills Novi Sad, Centre for Social Welfare Sombor and Halasi M\u00e9dia \u00e9s Kult\u00fara Nonprofit Kft took part at the second call for the INTERREG IPA programme of cross border cooperation between Hungary and Serbia 2014-2020. This programme [&hellip;]<\/p>\n","protected":false},"author":1,"featured_media":0,"parent":0,"menu_order":0,"comment_status":"closed","ping_status":"closed","template":"","meta":{"_bbp_topic_count":0,"_bbp_reply_count":0,"_bbp_total_topic_count":0,"_bbp_total_reply_count":0,"_bbp_voice_count":0,"_bbp_anonymous_reply_count":0,"_bbp_topic_count_hidden":0,"_bbp_reply_count_hidden":0,"_bbp_forum_subforum_count":0},"_links":{"self":[{"href":"https:\/\/lavanda.org.rs\/en\/wp-json\/wp\/v2\/pages\/4140"}],"collection":[{"href":"https:\/\/lavanda.org.rs\/en\/wp-json\/wp\/v2\/pages"}],"about":[{"href":"https:\/\/lavanda.org.rs\/en\/wp-json\/wp\/v2\/types\/page"}],"author":[{"embeddable":true,"href":"https:\/\/lavanda.org.rs\/en\/wp-json\/wp\/v2\/users\/1"}],"replies":[{"embeddable":true,"href":"https:\/\/lavanda.org.rs\/en\/wp-json\/wp\/v2\/comments?post=4140"}],"version-history":[{"count":13,"href":"https:\/\/lavanda.org.rs\/en\/wp-json\/wp\/v2\/pages\/4140\/revisions"}],"predecessor-version":[{"id":5064,"href":"https:\/\/lavanda.org.rs\/en\/wp-json\/wp\/v2\/pages\/4140\/revisions\/5064"}],"wp:attachment":[{"href":"https:\/\/lavanda.org.rs\/en\/wp-json\/wp\/v2\/media?parent=4140"}],"curies":[{"name":"wp","href":"https:\/\/api.w.org\/{rel}","templated":true}]}}