{"id":5485,"date":"2020-03-12T23:01:46","date_gmt":"2020-03-12T22:01:46","guid":{"rendered":"http:\/\/lavanda.org.rs\/?page_id=5485"},"modified":"2020-03-12T23:14:49","modified_gmt":"2020-03-12T22:14:49","slug":"lavangrad-elerhetosegek","status":"publish","type":"page","link":"https:\/\/lavanda.org.rs\/hu\/lavangrad-elerhetosegek\/","title":{"rendered":"Lavangrad el\u00e9rhet\u0151s\u00e9gek"},"content":{"rendered":"<p>[vc_row row_space=&#8221;remove_margin remove_padding remove_padding_col&#8221;][vc_column width=&#8221;1\/2&#8243;][vc_column_text]<\/p>\r\n\r\n<p class=\"has-text-align-center\" style=\"text-align: center;\">A Lavangrad egyes\u00fclet hivatalos k\u00e9pvisel\u0151je:<\/p>\r\n<p class=\"has-text-align-center\" style=\"text-align: center;\"><strong>Miti\u0107 Zdenka, eln\u00f6k<\/strong><\/p>\r\n<p style=\"text-align: center;\"><\/p>\r\n<p style=\"text-align: center;\"><\/p>\r\n<p style=\"text-align: center;\"><\/p>\r\n<p style=\"text-align: center;\"><\/p>\r\n<p class=\"has-text-align-center\" style=\"text-align: center;\">tel: +381 63 893 81 28<\/p>\r\n<p style=\"text-align: center;\"><\/p>\r\n<p style=\"text-align: center;\"><\/p>\r\n<p class=\"has-text-align-center\" style=\"text-align: center;\">e-mail: <a href=\"mailto:lavangrad.sombor@gmail.com\">lavangrad.sombor@gmail.com<\/a><\/p>\r\n<p style=\"text-align: center;\"><\/p>\r\n<p style=\"text-align: center;\"><\/p>\r\n<p class=\"has-text-align-center\" style=\"text-align: center;\">c\u00edm: Ba\u010dki Mono\u0161tor, Ive Lole Ribara 56.<\/p>\r\n<p style=\"text-align: center;\"><\/p>\r\n<p style=\"text-align: center;\"><\/p>\r\n<p class=\"has-text-align-center\" style=\"text-align: center;\">Tev\u00e9kenys\u00e9gi k\u00f6r\u00f6k: vid\u00e9kfejleszt\u00e9s, a helyi k\u00f6z\u00f6ss\u00e9g fenntarthat\u00f3 fejl\u0151d\u00e9se, gy\u00f3gyn\u00f6v\u00e9nyek \u00e9s egy\u00e9b f\u0171szeres, \u00e9s arom\u00e1s n\u00f6v\u00e9nyek haszn\u00e1lata \u00e9s termeszt\u00e9se<\/p>\r\n<p style=\"text-align: center;\"><\/p>\r\n<p style=\"text-align: center;\"><\/p>\r\n<p class=\"has-text-align-center\" style=\"text-align: center;\">az alap\u00edt\u00e1s ideje: 2019. szeptember 6.<\/p>\r\n<p>[\/vc_column_text][\/vc_column][vc_column width=&#8221;1\/2&#8243;][vc_single_image image=&#8221;4995&#8243; img_size=&#8221;full&#8221; alignment=&#8221;center&#8221; style=&#8221;vc_box_circle_2&#8243;][\/vc_column][\/vc_row]<\/p>","protected":false},"excerpt":{"rendered":"<p>[vc_row row_space=&#8221;remove_margin remove_padding remove_padding_col&#8221;][vc_column width=&#8221;1\/2&#8243;][vc_column_text] A Lavangrad egyes\u00fclet hivatalos k\u00e9pvisel\u0151je: Miti\u0107 Zdenka, eln\u00f6k tel: +381 63 893 81 28 e-mail: lavangrad.sombor@gmail.com c\u00edm: Ba\u010dki Mono\u0161tor, Ive Lole Ribara 56. Tev\u00e9kenys\u00e9gi k\u00f6r\u00f6k: vid\u00e9kfejleszt\u00e9s, a helyi k\u00f6z\u00f6ss\u00e9g fenntarthat\u00f3 fejl\u0151d\u00e9se, gy\u00f3gyn\u00f6v\u00e9nyek \u00e9s egy\u00e9b f\u0171szeres, \u00e9s arom\u00e1s n\u00f6v\u00e9nyek haszn\u00e1lata \u00e9s termeszt\u00e9se az alap\u00edt\u00e1s ideje: 2019. szeptember 6. [\/vc_column_text][\/vc_column][vc_column width=&#8221;1\/2&#8243;][vc_single_image image=&#8221;4995&#8243; [&hellip;]<\/p>\n","protected":false},"author":1,"featured_media":0,"parent":0,"menu_order":0,"comment_status":"closed","ping_status":"closed","template":"","meta":{"_bbp_topic_count":0,"_bbp_reply_count":0,"_bbp_total_topic_count":0,"_bbp_total_reply_count":0,"_bbp_voice_count":0,"_bbp_anonymous_reply_count":0,"_bbp_topic_count_hidden":0,"_bbp_reply_count_hidden":0,"_bbp_forum_subforum_count":0},"_links":{"self":[{"href":"https:\/\/lavanda.org.rs\/hu\/wp-json\/wp\/v2\/pages\/5485"}],"collection":[{"href":"https:\/\/lavanda.org.rs\/hu\/wp-json\/wp\/v2\/pages"}],"about":[{"href":"https:\/\/lavanda.org.rs\/hu\/wp-json\/wp\/v2\/types\/page"}],"author":[{"embeddable":true,"href":"https:\/\/lavanda.org.rs\/hu\/wp-json\/wp\/v2\/users\/1"}],"replies":[{"embeddable":true,"href":"https:\/\/lavanda.org.rs\/hu\/wp-json\/wp\/v2\/comments?post=5485"}],"version-history":[{"count":4,"href":"https:\/\/lavanda.org.rs\/hu\/wp-json\/wp\/v2\/pages\/5485\/revisions"}],"predecessor-version":[{"id":5491,"href":"https:\/\/lavanda.org.rs\/hu\/wp-json\/wp\/v2\/pages\/5485\/revisions\/5491"}],"wp:attachment":[{"href":"https:\/\/lavanda.org.rs\/hu\/wp-json\/wp\/v2\/media?parent=5485"}],"curies":[{"name":"wp","href":"https:\/\/api.w.org\/{rel}","templated":true}]}}