{"id":5492,"date":"2020-03-12T23:17:19","date_gmt":"2020-03-12T22:17:19","guid":{"rendered":"http:\/\/lavanda.org.rs\/?page_id=5492"},"modified":"2020-03-12T23:25:15","modified_gmt":"2020-03-12T22:25:15","slug":"altalanos-informaciok-a-lavangrad","status":"publish","type":"page","link":"https:\/\/lavanda.org.rs\/hu\/altalanos-informaciok-a-lavangrad\/","title":{"rendered":"\u00c1ltal\u00e1nos inform\u00e1ci\u00f3k a Lavangrad"},"content":{"rendered":"<p>[vc_row row_space=&#8221;remove_margin remove_padding remove_padding_col&#8221;][vc_column][vc_column_text]<\/p>\r\n<h2 style=\"text-align: center;\"><strong>A \u201eLAVANGRAD\u201c EGYES\u00dcLET<br \/><\/strong><strong>ALAP\u00cdT\u00d3 OKIRATA<\/strong><\/h2>\r\n<p><!-- \/wp:paragraph --><strong><!-- \/wp:paragraph --><\/strong><\/p>\r\n<p><strong><!-- \/wp:paragraph --><\/strong><\/p>\r\n<p><strong><!-- \/wp:paragraph --><\/strong><\/p>\r\n<p><strong><!-- \/wp:paragraph --><\/strong><\/p>\r\n<p><strong><!-- \/wp:paragraph --><\/strong><\/p>\r\n<p><strong><!-- \/wp:paragraph --><\/strong><\/p>\r\n<p><strong><!-- \/wp:paragraph --><\/strong><\/p>\r\n<p><strong><!-- \/wp:paragraph --><\/strong><\/p>\r\n<p>[\/vc_column_text][\/vc_column][\/vc_row][vc_row row_space=&#8221;remove_margin remove_padding remove_padding_col&#8221;][vc_column width=&#8221;1\/2&#8243;][vc_column_text]<\/p>\r\n<p style=\"text-align: left;\"><!-- \/wp:paragraph --><\/p>\r\n<p style=\"text-align: center;\"><strong>Az alap\u00edt\u00f3k:<\/strong><\/p>\r\n<p style=\"text-align: center;\"><strong><!-- \/wp:paragraph --><\/strong><\/p>\r\n<p style=\"text-align: center;\"><strong><!-- wp:paragraph -->1. Zdenka Miti\u0107<br \/><\/strong><strong><!-- wp:paragraph -->2. Jelisaveta Be\u0161enji<br \/><\/strong><strong><!-- wp:paragraph -->3. Magdolna Geler<br \/><\/strong><strong><!-- wp:paragraph -->4. Terezija Odri<br \/><\/strong><strong><!-- wp:paragraph -->5. Rozalija Bagi<br \/><\/strong><strong><!-- wp:paragraph -->6. Marija Ma\u0107u\u0161<br \/><\/strong><strong><!-- wp:paragraph -->7. Sandra Bagi<br \/><\/strong><strong><!-- wp:paragraph -->8. Gabrijela Pe\u0161ti<br \/><\/strong><strong><!-- wp:paragraph -->9. Hilda Bagi<\/strong><\/p>\r\n<p>[\/vc_column_text][\/vc_column][vc_column width=&#8221;1\/2&#8243;][vc_single_image image=&#8221;5021&#8243; img_size=&#8221;full&#8221; alignment=&#8221;center&#8221; style=&#8221;vc_box_circle_2&#8243;][\/vc_column][\/vc_row][vc_row row_space=&#8221;remove_margin remove_padding remove_padding_col&#8221;][vc_column][vc_column_text]<\/p>\r\n<p>megalap\u00edtj\u00e1k a \u201eLavangrad\u201c, Ba\u010dki Mono\u0161tor egyes\u00fcletet<\/p>\r\n<p>Az egyes\u00fclet c\u00e9lja a vid\u00e9kfejleszt\u00e9s, a fenntarthat\u00f3 helyi k\u00f6z\u00f6ss\u00e9gfejleszt\u00e9s, a v\u00e1llalkoz\u00f3i szellem \u00e9s a turizmus fejleszt\u00e9se, valamint a n\u0151i foglalkoz\u00e1sok fejleszt\u00e9se a vid\u00e9ki ter\u00fcleteken.<\/p>\r\n<p>Az egyes\u00fclet az al\u00e1bbi c\u00e9lok el\u00e9r\u00e9s\u00e9re j\u00f6tt l\u00e9tre:<\/p>\r\n<p>Az egyes\u00fclet c\u00e9ljai: vid\u00e9kfejleszt\u00e9s, a helyi k\u00f6z\u00f6ss\u00e9g fenntarthat\u00f3 fejl\u0151d\u00e9se, az \u00f6kol\u00f3giai gazd\u00e1lkod\u00e1s \u00e9s az eg\u00e9szs\u00e9ges \u00e9letm\u00f3d n\u00e9pszer\u0171s\u00edt\u00e9se, a gy\u00f3gyn\u00f6v\u00e9nyek \u00e9s egy\u00e9b f\u0171szeres, \u00e9s arom\u00e1s n\u00f6v\u00e9nyek haszn\u00e1lata \u00e9s termeszt\u00e9se.<\/p>\r\n<p>Az egyes\u00fclet c\u00e9ljai el\u00e9r\u00e9se \u00e9rdek\u00e9ben f\u0151leg:<\/p>\r\n<p>1) \u00f6sszegy\u0171jti \u00e9s feldolgozza azokat a tudom\u00e1nyos \u00e9s szakirodalmakat, melyek a vid\u00e9kfejleszt\u00e9sre, a fenntarthat\u00f3 helyi k\u00f6z\u00f6ss\u00e9gfejleszt\u00e9sre, a v\u00e1llalkoz\u00f3i szellem \u00e9s a turizmus fejleszt\u00e9s\u00e9re, a vid\u00e9ki n\u0151k \u00f6szt\u00f6nz\u00e9s\u00e9re, a biogazd\u00e1lkod\u00e1s \u00f6szt\u00f6nz\u00e9s\u00e9re, az eg\u00e9szs\u00e9ges \u00e9letm\u00f3d n\u00e9pszer\u0171s\u00edt\u00e9s\u00e9re, valamint a gy\u00f3gy-, f\u0171szeres \u00e9s arom\u00e1s gy\u00f3gyn\u00f6v\u00e9nyek felhaszn\u00e1l\u00e1sa \u00e9s termeszt\u00e9s\u00e9re vonatkoznak.<\/p>\r\n<p>2) szakmai tal\u00e1lkoz\u00f3kat, rendezv\u00e9nyeket, konzult\u00e1ci\u00f3kat, prom\u00f3ci\u00f3kat, szemin\u00e1riumokat \u00e9s egy\u00e9b oktat\u00e1si form\u00e1kat szervez \u00f6n\u00e1ll\u00f3an vagy m\u00e1s szervezetekkel k\u00f6z\u00f6sen.<\/p>\r\n<p>3) egy\u00fcttm\u0171k\u00f6dik egyetemekkel, iskol\u00e1kkal, szakmai sz\u00f6vets\u00e9gekkel \u00e9s m\u00e1s szervezetekkel az orsz\u00e1gban \u00e9s k\u00fclf\u00f6ld\u00f6n melyek a vid\u00e9kfejleszt\u00e9ssel, a fenntarthat\u00f3 helyi k\u00f6z\u00f6ss\u00e9gfejleszt\u00e9ssel, a v\u00e1llalkoz\u00f3i szellem \u00e9s a turizmus fejleszt\u00e9s\u00e9vel, a vid\u00e9ki n\u0151k \u00f6szt\u00f6nz\u00e9s\u00e9vel, a biogazd\u00e1lkod\u00e1s \u00f6szt\u00f6nz\u00e9s\u00e9vel, az eg\u00e9szs\u00e9ges \u00e9letm\u00f3d n\u00e9pszer\u0171s\u00edt\u00e9s\u00e9vel, valamint a gy\u00f3gy-, f\u0171szeres \u00e9s arom\u00e1s gy\u00f3gyn\u00f6v\u00e9nyek felhaszn\u00e1l\u00e1s\u00e1val \u00e9s termeszt\u00e9s\u00e9vel foglalkoznak.<\/p>\r\n<p>Az egyes\u00fclet felhatalmazott k\u00e9pvisel\u0151je: Miti\u0107 Zdenka, Ive Lole Ribara 68,<\/p>\r\n<p style=\"text-align: left;\">Ba\u010dki Mono\u0161tor<\/p>\r\n<p>[\/vc_column_text][\/vc_column][\/vc_row]<\/p>","protected":false},"excerpt":{"rendered":"<p>[vc_row row_space=&#8221;remove_margin remove_padding remove_padding_col&#8221;][vc_column][vc_column_text] A \u201eLAVANGRAD\u201c EGYES\u00dcLETALAP\u00cdT\u00d3 OKIRATA [\/vc_column_text][\/vc_column][\/vc_row][vc_row row_space=&#8221;remove_margin remove_padding remove_padding_col&#8221;][vc_column width=&#8221;1\/2&#8243;][vc_column_text] Az alap\u00edt\u00f3k: 1. Zdenka Miti\u01072. Jelisaveta Be\u0161enji3. Magdolna Geler4. Terezija Odri5. Rozalija Bagi6. Marija Ma\u0107u\u01617. Sandra Bagi8. Gabrijela Pe\u0161ti9. Hilda Bagi [\/vc_column_text][\/vc_column][vc_column width=&#8221;1\/2&#8243;][vc_single_image image=&#8221;5021&#8243; img_size=&#8221;full&#8221; alignment=&#8221;center&#8221; style=&#8221;vc_box_circle_2&#8243;][\/vc_column][\/vc_row][vc_row row_space=&#8221;remove_margin remove_padding remove_padding_col&#8221;][vc_column][vc_column_text] megalap\u00edtj\u00e1k a \u201eLavangrad\u201c, Ba\u010dki Mono\u0161tor egyes\u00fcletet Az egyes\u00fclet c\u00e9lja a vid\u00e9kfejleszt\u00e9s, a [&hellip;]<\/p>\n","protected":false},"author":1,"featured_media":0,"parent":0,"menu_order":0,"comment_status":"closed","ping_status":"closed","template":"","meta":{"_bbp_topic_count":0,"_bbp_reply_count":0,"_bbp_total_topic_count":0,"_bbp_total_reply_count":0,"_bbp_voice_count":0,"_bbp_anonymous_reply_count":0,"_bbp_topic_count_hidden":0,"_bbp_reply_count_hidden":0,"_bbp_forum_subforum_count":0},"_links":{"self":[{"href":"https:\/\/lavanda.org.rs\/hu\/wp-json\/wp\/v2\/pages\/5492"}],"collection":[{"href":"https:\/\/lavanda.org.rs\/hu\/wp-json\/wp\/v2\/pages"}],"about":[{"href":"https:\/\/lavanda.org.rs\/hu\/wp-json\/wp\/v2\/types\/page"}],"author":[{"embeddable":true,"href":"https:\/\/lavanda.org.rs\/hu\/wp-json\/wp\/v2\/users\/1"}],"replies":[{"embeddable":true,"href":"https:\/\/lavanda.org.rs\/hu\/wp-json\/wp\/v2\/comments?post=5492"}],"version-history":[{"count":6,"href":"https:\/\/lavanda.org.rs\/hu\/wp-json\/wp\/v2\/pages\/5492\/revisions"}],"predecessor-version":[{"id":5502,"href":"https:\/\/lavanda.org.rs\/hu\/wp-json\/wp\/v2\/pages\/5492\/revisions\/5502"}],"wp:attachment":[{"href":"https:\/\/lavanda.org.rs\/hu\/wp-json\/wp\/v2\/media?parent=5492"}],"curies":[{"name":"wp","href":"https:\/\/api.w.org\/{rel}","templated":true}]}}