{"id":5498,"date":"2020-03-12T23:22:10","date_gmt":"2020-03-12T22:22:10","guid":{"rendered":"http:\/\/lavanda.org.rs\/?page_id=5498"},"modified":"2020-03-12T23:28:55","modified_gmt":"2020-03-12T22:28:55","slug":"projekt-rovid-informaciok","status":"publish","type":"page","link":"https:\/\/lavanda.org.rs\/hu\/projekt-rovid-informaciok\/","title":{"rendered":"Projekt &#8211; r\u00f6vid inform\u00e1ci\u00f3k"},"content":{"rendered":"<p>[vc_row row_space=&#8221;remove_margin remove_padding remove_padding_col&#8221;][vc_column width=&#8221;1\/2&#8243;][vc_column_text]Zombor v\u00e1rosa a projektpartnerekkel egy\u00fctt, az \u00dajvid\u00e9ki Tud\u00e1s- \u00e9s K\u00e9szs\u00e9gfejleszt\u00e9si K\u00f6zponttal, a Zombori Szoci\u00e1lis Munka K\u00f6zpontj\u00e1val \u00e9s a Halasi M\u00e9dia \u00e9s Kult\u00fara Nonprofit Kft-vel r\u00e9szt vett az INTERREG IPA Hat\u00e1ron \u00c1tny\u00fal\u00f3 Egy\u00fcttm\u0171k\u00f6d\u00e9s Magyarorsz\u00e1g-Szerbia 2014-2020 program II. felh\u00edv\u00e1s\u00e1ban.<\/p>\n<p>Ez a program t\u00e1mogatja a k\u00e9t orsz\u00e1g szervezeteinek egy\u00fcttm\u0171k\u00f6d\u00e9s\u00e9t, valamint \u00e1polja a hat\u00e1r menti r\u00e9gi\u00f3 k\u00f6z\u00f6s identit\u00e1s\u00e1t \u00e9s \u00f6r\u00f6ks\u00e9g\u00e9t.<\/p>\n<p>A program \u00e9s a projekt c\u00e9lja az \u00e9letmin\u0151s\u00e9g jav\u00edt\u00e1sa a magyar \u00e9s szerb hat\u00e1r menti r\u00e9gi\u00f3ban, valamint a gazdas\u00e1gi kereskedelem fejleszt\u00e9se.<\/p>\n<p style=\"text-align: left;\">A \u201cN\u0151i t\u00e1rsadalmi v\u00e1llalkoz\u00e1sok a vid\u00e9ki t\u00e9rs\u00e9gekben\u201d elnevez\u00e9s\u0171 projektet az INTERREG IPA Hat\u00e1ron \u00c1tny\u00fal\u00f3 Egy\u00fcttm\u0171k\u00f6d\u00e9s Magyarorsz\u00e1g-Szerbia 2014-2020 program negyedik priorit\u00e1s\u00fa tengely\u00e9nek a 4.2<\/p>\n<p>[\/vc_column_text][\/vc_column][vc_column width=&#8221;1\/2&#8243;][vc_single_image image=&#8221;5051&#8243; img_size=&#8221;full&#8221; alignment=&#8221;center&#8221; style=&#8221;vc_box_circle_2&#8243;][\/vc_column][\/vc_row][vc_row row_space=&#8221;remove_margin remove_padding remove_padding_col&#8221;][vc_column][vc_column_text]<\/p>\n<p style=\"text-align: center;\">\u201eA t\u00e1rsadalmi v\u00e1llalkoz\u00e1s \u00f6szt\u00f6nz\u00e9se \u00e9s fejleszt\u00e9se\u201d akci\u00f3terv r\u00e9szek\u00e9nt hagyta j\u00f3v\u00e1 a test\u00fclet. Zombor v\u00e1rosa a vezet\u0151 partner. A projekt c\u00e9lja egy olyan k\u00f6rnyezet megteremt\u00e9se, amely hozz\u00e1j\u00e1rul a r\u00e9gi\u00f3 harmonikus fejl\u0151d\u00e9s\u00e9hez a term\u00e9szeti er\u0151forr\u00e1sok fenntarthat\u00f3 felhaszn\u00e1l\u00e1sa r\u00e9v\u00e9n, valamint a t\u00e1rsadalmi v\u00e1llalkoz\u00e1s fejleszt\u00e9s\u00e9n kereszt\u00fcl. A vid\u00e9ki n\u0151k r\u00e9szv\u00e9tel\u00e9vel egy olyan t\u00e1rsadalmi v\u00e1llalkoz\u00e1son alapul\u00f3 klaszter l\u00e9trehoz\u00e1sa, amely a vid\u00e9ki t\u00e9rs\u00e9gekben \u00e9l\u0151 n\u0151k k\u00f6r\u00e9ben az innovat\u00edv tud\u00e1s- \u00e9s tud\u00e1stranszfer-modellek felhaszn\u00e1l\u00e1sa r\u00e9v\u00e9n emeli a foglalkoztatottak k\u00f6r\u00e9t \u00e9s kapacit\u00e1s\u00e1t. A projekt a k\u00f6vetkez\u0151 tev\u00e9kenys\u00e9geket tervezi: tanulm\u00e1nyk\u00f6tet meg\u00edr\u00e1sa, figyelemfelkelt\u00e9s \u00e9s k\u00e9pz\u00e9s a vid\u00e9ki n\u0151i t\u00e1rsadalmi v\u00e1llalkoz\u00e1sokr\u00f3l, felszerel\u00e9s beszerz\u00e9se \u00e9s k\u00e9pz\u00e9s a levendula termeszt\u00e9s\u00e9re, annak feldolgoz\u00e1s\u00e1ra \u00e9s ill\u00f3olaj el\u0151\u00e1ll\u00edt\u00e1s\u00e1ra, t\u00e1rsadalmi v\u00e1llalkoz\u00e1son alapul\u00f3 klaszter fel\u00e1ll\u00edt\u00e1sa, adatb\u00e1zisok \u00e9s weblapok l\u00e9trehoz\u00e1sa, mint valamint kommunik\u00e1ci\u00f3s \u00e9s rekl\u00e1m aktivit\u00e1sok folytat\u00e1sa.<\/p>\n<p style=\"text-align: center;\"><strong>A j\u00f3v\u00e1hagyott projekt teljes \u00e9rt\u00e9ke 207.134,4 EUR, m\u00edg Zombor v\u00e1ros, mint partner k\u00f6lts\u00e9gvet\u00e9se 98.744,4 EUR.<\/strong><\/p>\n<p style=\"text-align: center;\"><strong>A projekt azonos\u00edt\u00f3ja: HUSRB\/1602\/42\/0073<\/strong><\/p>\n<p style=\"text-align: center;\"><strong>A projekt kezdete:\u00a02018. m\u00e1rcius 15.<\/strong><\/p>\n<p style=\"text-align: center;\"><strong>A projekt v\u00e9ge:\u00a02020. m\u00e1rcius 14.<\/strong><\/p>\n<p>[\/vc_column_text][\/vc_column][\/vc_row]<\/p>\n","protected":false},"excerpt":{"rendered":"<p>[vc_row row_space=&#8221;remove_margin remove_padding remove_padding_col&#8221;][vc_column width=&#8221;1\/2&#8243;][vc_column_text]Zombor v\u00e1rosa a projektpartnerekkel egy\u00fctt, az \u00dajvid\u00e9ki Tud\u00e1s- \u00e9s K\u00e9szs\u00e9gfejleszt\u00e9si K\u00f6zponttal, a Zombori Szoci\u00e1lis Munka K\u00f6zpontj\u00e1val \u00e9s a Halasi M\u00e9dia \u00e9s Kult\u00fara Nonprofit Kft-vel r\u00e9szt vett az INTERREG IPA Hat\u00e1ron \u00c1tny\u00fal\u00f3 Egy\u00fcttm\u0171k\u00f6d\u00e9s Magyarorsz\u00e1g-Szerbia 2014-2020 program II. felh\u00edv\u00e1s\u00e1ban. Ez a program t\u00e1mogatja a k\u00e9t orsz\u00e1g szervezeteinek egy\u00fcttm\u0171k\u00f6d\u00e9s\u00e9t, valamint \u00e1polja a hat\u00e1r menti [&hellip;]<\/p>\n","protected":false},"author":1,"featured_media":0,"parent":0,"menu_order":0,"comment_status":"closed","ping_status":"closed","template":"","meta":{"_bbp_topic_count":0,"_bbp_reply_count":0,"_bbp_total_topic_count":0,"_bbp_total_reply_count":0,"_bbp_voice_count":0,"_bbp_anonymous_reply_count":0,"_bbp_topic_count_hidden":0,"_bbp_reply_count_hidden":0,"_bbp_forum_subforum_count":0},"_links":{"self":[{"href":"https:\/\/lavanda.org.rs\/hu\/wp-json\/wp\/v2\/pages\/5498"}],"collection":[{"href":"https:\/\/lavanda.org.rs\/hu\/wp-json\/wp\/v2\/pages"}],"about":[{"href":"https:\/\/lavanda.org.rs\/hu\/wp-json\/wp\/v2\/types\/page"}],"author":[{"embeddable":true,"href":"https:\/\/lavanda.org.rs\/hu\/wp-json\/wp\/v2\/users\/1"}],"replies":[{"embeddable":true,"href":"https:\/\/lavanda.org.rs\/hu\/wp-json\/wp\/v2\/comments?post=5498"}],"version-history":[{"count":4,"href":"https:\/\/lavanda.org.rs\/hu\/wp-json\/wp\/v2\/pages\/5498\/revisions"}],"predecessor-version":[{"id":5503,"href":"https:\/\/lavanda.org.rs\/hu\/wp-json\/wp\/v2\/pages\/5498\/revisions\/5503"}],"wp:attachment":[{"href":"https:\/\/lavanda.org.rs\/hu\/wp-json\/wp\/v2\/media?parent=5498"}],"curies":[{"name":"wp","href":"https:\/\/api.w.org\/{rel}","templated":true}]}}