{"id":5509,"date":"2020-03-12T23:44:16","date_gmt":"2020-03-12T22:44:16","guid":{"rendered":"http:\/\/lavanda.org.rs\/?page_id=5509"},"modified":"2020-03-12T23:57:06","modified_gmt":"2020-03-12T22:57:06","slug":"levendula-termesztes","status":"publish","type":"page","link":"https:\/\/lavanda.org.rs\/hu\/levendula-termesztes\/","title":{"rendered":"Levendula termeszt\u00e9s"},"content":{"rendered":"<p>[vc_row row_space=&#8221;remove_margin remove_padding remove_padding_col&#8221;][vc_column][vc_text_separator title=&#8221;LEVENDULA TERMESZT\u00c9S&#8221; i_icon_fontawesome=&#8221;fas fa-temperature-high&#8221; i_color=&#8221;black&#8221; i_size=&#8221;lg&#8221; style=&#8221;dotted&#8221; border_width=&#8221;4&#8243; add_icon=&#8221;true&#8221;][\/vc_column][\/vc_row][vc_row row_space=&#8221;remove_margin remove_padding remove_padding_col&#8221;][vc_column][vc_column_text]<\/p>\n<p style=\"text-align: center;\">A levendula termofil n\u00f6v\u00e9nyekhez tartozik, \u00e9s magas h\u0151m\u00e9rs\u00e9kletet, valamint sok napf\u00e9nyt ig\u00e9nyel a n\u00f6v\u00e9ny n\u00f6veked\u00e9se sor\u00e1n az ill\u00f3olaj felhalmoz\u00e1sa \u00e9rdek\u00e9ben. Meleg, sz\u00e9l \u00e1ltal v\u00e9dett talaj kedvez\u0151 a levendula n\u00f6veked\u00e9s\u00e9ben. A hideg talaj \u00e9s a fagy k\u00e1ros\u00edthatja a n\u00f6v\u00e9nyt, b\u00e1r a n\u00f6v\u00e9ny pihen\u0151 f\u00e1zisa alatt a -20 \u00baC h\u0151m\u00e9rs\u00e9kletet is t\u00fal\u00e9li. Azokban az esetekben, amikor a veget\u00e1ci\u00f3 (vir\u00e1gz\u00e1s) kor\u00e1n kezd\u0151dik, a hibrid levendula k\u00e1rosodhat a k\u00e9s\u0151 tavaszi fagyok miatt. Ha a vir\u00e1gz\u00f3 szakaszban es\u0151s \u00e9s hideg az id\u0151, az ill\u00f3olaj-tartalom ak\u00e1r 50% -kal is cs\u00f6kken, valamint az \u00e9tertartalom is (ak\u00e1r 30%-kal). A levendula k\u00f6nnyen k\u00e9pes t\u00fal\u00e9lni az asz\u00e1lyokat, kiv\u00e9ve, ha azok a kezdeti n\u00f6veked\u00e9si id\u0151szakban \u00e9rik.<\/p>\n<p>[\/vc_column_text][\/vc_column][\/vc_row][vc_row row_space=&#8221;remove_margin remove_padding remove_padding_col&#8221;][vc_column][vc_text_separator title=&#8221;A TALAJ&#8221; i_icon_fontawesome=&#8221;fas fa-seedling&#8221; i_color=&#8221;black&#8221; i_size=&#8221;lg&#8221; style=&#8221;dotted&#8221; border_width=&#8221;4&#8243; add_icon=&#8221;true&#8221;][\/vc_column][\/vc_row][vc_row row_space=&#8221;remove_margin remove_padding remove_padding_col&#8221;][vc_column][vc_column_text]<\/p>\n<p style=\"text-align: center;\">A k\u00f6z\u00f6ns\u00e9ges levendula nem ig\u00e9nyel speci\u00e1lis talajmin\u0151s\u00e9get, ugyanolyan j\u00f3l n\u00f6vekszik sek\u00e9ly, gyenge talajban \u00e9s m\u00e9szk\u00f6ves ter\u00fcleteken is. A hibrid levendula nagyobb \u00e1pol\u00e1st ig\u00e9nyel, \u00e9s a m\u00e9ly, term\u00e9keny talajban a legmagasabb a hozama, megfelel\u0151 v\u00edz- \u00e9s leveg\u0151\u00e1raml\u00e1s mellett, de termeszthet\u0151 a k\u00f6z\u00f6ns\u00e9ges levendula \u00e1ltal kedvelt talajban is. Sem a k\u00f6z\u00f6ns\u00e9ges, sem a hibrid levendula nem k\u00e9pes n\u00f6vekedni hideg, \u00e1t nem ereszt\u0151 f\u00e9lig agyagos \u00e9s homokos talajban.<\/p>\n<p>[\/vc_column_text][\/vc_column][\/vc_row][vc_row row_space=&#8221;remove_margin remove_padding remove_padding_col&#8221;][vc_column][vc_text_separator title=&#8221;A TALAJ EL\u0150K\u00c9SZ\u00cdT\u00c9SE LEVENDULA TERMESZT\u00c9S\u00c9RE&#8221; i_icon_fontawesome=&#8221;fas fa-allergies&#8221; i_color=&#8221;black&#8221; i_size=&#8221;lg&#8221; style=&#8221;dotted&#8221; border_width=&#8221;4&#8243; add_icon=&#8221;true&#8221;][\/vc_column][\/vc_row][vc_row row_space=&#8221;remove_margin remove_padding remove_padding_col&#8221;][vc_column][vc_column_text]<\/p>\n<p style=\"text-align: center;\">Egy \u00e9vvel a levendula \u00fcltet\u00e9se el\u0151tt a lehet\u0151 legm\u00e9lyebb \u0151szi sz\u00e1nt\u00e1st el kell v\u00e9gezni. Ha v\u00edzhatlan r\u00e9teg alakul ki, akkor a talaj sz\u00e1nt\u00e1s\u00e1t meg kell ism\u00e9telni. Az levendula termeszt\u00e9s el\u0151tti utols\u00f3 vet\u0151magnak h\u00fcvelyesnek kell lennie, amelyet szeptemberig be kell takar\u00edtani. K\u00f6zvetlen\u00fcl az el\u0151vetem\u00e9ny betakar\u00edt\u00e1s\u00e1t k\u00f6vet\u0151en a talajt 18-20 cm m\u00e9lys\u00e9gben meg kell sz\u00e1ntani, megtr\u00e1gy\u00e1zni, \u00e9s vet\u00e9s el\u0151tt a talaj felsz\u00edni r\u00e9teg\u00e9t 15 cm m\u00e9lyen meg kell laz\u00edtani.<\/p>\n<p>[\/vc_column_text][\/vc_column][\/vc_row][vc_row row_space=&#8221;remove_margin remove_padding remove_padding_col&#8221;][vc_column][vc_text_separator title=&#8221;VET\u00c9SFORG\u00d3&#8221; i_icon_fontawesome=&#8221;fas fa-undo&#8221; i_color=&#8221;black&#8221; i_size=&#8221;lg&#8221; style=&#8221;dotted&#8221; border_width=&#8221;4&#8243; add_icon=&#8221;true&#8221;][\/vc_column][\/vc_row][vc_row row_space=&#8221;remove_margin remove_padding remove_padding_col&#8221;][vc_column][vc_column_text]<\/p>\n<p style=\"text-align: center;\">A levendula ugyanazon a helyen marad 15-20 \u00e9vig. Az el\u0151vetem\u00e9nyt gyommentesen el kell t\u00e1vol\u00edtani a talajb\u00f3l. A fiatal n\u00f6v\u00e9ny rendk\u00edv\u00fcl \u00e9rz\u00e9keny az old\u00f3d\u00f3 gyom\u00edrt\u00f3 szerekre, \u00e9s kukorica ut\u00e1n ugyanabba a talajba csak k\u00e9t-h\u00e1rom \u00e9v eltelte ut\u00e1n vethet\u0151 be.<\/p>\n<p>[\/vc_column_text][\/vc_column][\/vc_row][vc_row row_space=&#8221;remove_margin remove_padding remove_padding_col&#8221;][vc_column][vc_text_separator title=&#8221;A LEVENDULA SZAPOR\u00cdT\u00c1SA&#8221; i_icon_fontawesome=&#8221;fas fa-braille&#8221; i_color=&#8221;black&#8221; i_size=&#8221;lg&#8221; style=&#8221;dotted&#8221; border_width=&#8221;4&#8243; add_icon=&#8221;true&#8221;][\/vc_column][\/vc_row][vc_row row_space=&#8221;remove_margin remove_padding remove_padding_col&#8221;][vc_column][vc_column_text]<\/p>\n<p style=\"text-align: center;\">A szapor\u00edt\u00e1st mindk\u00e9t levendula t\u00edpus reprodukci\u00f3j\u00e1ban haszn\u00e1lj\u00e1k. A pal\u00e1nt\u00e1k nem f\u0171t\u00f6tt \u00e1gy\u00e1sokban gy\u00f6kereznek \u00e9s lombozattal bor\u00edtj\u00e1k \u0151ket. A legjobb kl\u00f3nok azok, amelyeket 3-4 \u00e9ves bokrokr\u00f3l augusztusban vagy \u00e1prilisban v\u00e1gnak le. A kl\u00f3nokat homokba helyezz\u00fck, 4-5 cm m\u00e9lys\u00e9gben, az \u00e1gy\u00e1sok k\u00f6z\u00f6tt 6-10 cm-re t\u00e1vols\u00e1gra \u00e9s 2-3 cm-re az egyik \u00e1gy\u00e1sban l\u00e9v\u0151 kl\u00f3nok k\u00f6z\u00f6tt. Ezeket b\u0151s\u00e9gesen kell \u00f6nt\u00f6zni. A gy\u00f6keres kl\u00f3nokat m\u00e1jus v\u00e9g\u00e9n nyitott \u00e1gy\u00e1sokba \u00fajra telep\u00edtik. Egy n\u00e9gyzetm\u00e9ter 600-800 kl\u00f3nt tartalmazhat.<\/p>\n<p style=\"text-align: center;\">A hibrid levendulakl\u00f3nok ny\u00edlt ter\u00fcleteken, humuszban gazdag, laza talajban \u00e9s b\u0151 v\u00edzzel termeszthet\u0151k. A 12-20 cm-es hajt\u00e1sokat okt\u00f3berben vagy m\u00e1rciusban lev\u00e1gj\u00e1k, \u00e9s az el\u0151k\u00e9sz\u00edtett talajba fektetik, a kor\u00e1bban meg\u00f6nt\u00f6z\u00f6tt 18-20 cm m\u00e9ly \u00e1gy\u00e1sokba. A sorok k\u00f6z\u00f6tti t\u00e1vols\u00e1gnak 35-40 cm-nek kell lennie, m\u00edg a sorban a k\u00e9t hajt\u00e1s k\u00f6z\u00f6tti t\u00e1vols\u00e1gnak 3-5 cm-nek kell lennie. Mivel az \u00e1gy\u00e1sok f\u00f6ldr\u00e9teggel vannak bevonva, a talaj felett marad\u00f3 kl\u00f3n magass\u00e1ga mind\u00f6ssze 7 cm. A k\u00f6vetkez\u0151 n\u00e9h\u00e1ny nap sor\u00e1n ezeket 3-5-szer kell \u00f6nt\u00f6zni. Amikor a hajt\u00e1sok el\u00e9rik a 15-20 cm magass\u00e1got, azokat le kell metszeni 8-10 cm magass\u00e1gra, az oldals\u00f3 hajt\u00e1sok n\u00f6veked\u00e9s\u00e9nek fokoz\u00e1sa \u00e9rdek\u00e9ben. Egy hekt\u00e1ron 700 000\u2013900 000 kl\u00f3n termeszthet\u0151.<\/p>\n<p>[\/vc_column_text][\/vc_column][\/vc_row][vc_row row_space=&#8221;remove_margin remove_padding remove_padding_col&#8221;][vc_column][vc_text_separator title=&#8221;A LEVENDULA TERMESZT\u00c9SE&#8221; i_icon_fontawesome=&#8221;fas fa-calculator&#8221; i_color=&#8221;black&#8221; i_size=&#8221;lg&#8221; style=&#8221;dotted&#8221; border_width=&#8221;4&#8243; add_icon=&#8221;true&#8221;][\/vc_column][\/vc_row][vc_row row_space=&#8221;remove_margin remove_padding remove_padding_col&#8221;][vc_column][vc_column_text]<\/p>\n<p style=\"text-align: center;\">A k\u00f6z\u00f6ns\u00e9ges levendula legink\u00e1bb a magb\u00f3l nyert pal\u00e1nt\u00e1kkal szapor\u00edthat\u00f3, de vegetat\u00edv m\u00f3don n\u00f6v\u00e9nyi z\u00f6ld pal\u00e1nt\u00e1kkal \u00e9s kl\u00f3nokkal is termeszthet\u0151. A hibrid levendula csak vegetat\u00edv m\u00f3don szapor\u00edthat\u00f3, mivel a magja steril.<\/p>\n<p>[\/vc_column_text][\/vc_column][\/vc_row][vc_row row_space=&#8221;remove_margin remove_padding remove_padding_col&#8221;][vc_column][vc_text_separator title=&#8221;LEVENDULA MAGB\u00d3L NYERT PAL\u00c1NT\u00c1K TERMESZT\u00c9SE&#8221; i_icon_fontawesome=&#8221;fas fa-arrows-alt&#8221; i_color=&#8221;black&#8221; i_size=&#8221;lg&#8221; style=&#8221;dotted&#8221; border_width=&#8221;4&#8243; add_icon=&#8221;true&#8221;][\/vc_column][\/vc_row][vc_row row_space=&#8221;remove_margin remove_padding remove_padding_col&#8221;][vc_column][vc_column_text]<\/p>\n<p style=\"text-align: center;\">A vet\u0151mag elvet\u00e9se el\u0151tt a meleg\u00e1gyat \u00e1rny\u00e9kolt helyeken kell el\u0151k\u00e9sz\u00edteni, \u00e9s a talajt metil-bromiddal fert\u0151tlen\u00edteni. A vet\u00e9st t\u00e9l el\u0151tt, novemberben vagy a kora tavaszi id\u0151szakban, m\u00e1rciusban v\u00e9gezz\u00fck. A tavaszi vet\u00e9shez a vet\u0151magnak \u00e1t kell esnie egy r\u00e9tegz\u0151d\u00e9si folyamaton, 36 \u00f3r\u00e1n kereszt\u00fcl 16 \u00b0 C-on. A vet\u00e9st manu\u00e1lisan vagy mechanikusan lehet elv\u00e9gezni m\u00e1jus elej\u00e9n, az \u00e1gyak k\u00f6z\u00f6tt 20\u201340 cm t\u00e1vols\u00e1gra \u00e9s 0,5\u20131,5 cm m\u00e9lys\u00e9gben. Amikor a n\u00f6v\u00e9nyek 4-5 levelet k\u00e9peznek, 35&#215;5 cm t\u00e1vols\u00e1gra, nyitott meleg\u00e1gyakba sz\u00farj\u00e1k le \u0151ket. Rendszeres v\u00edzell\u00e1t\u00e1s mellett a n\u00f6v\u00e9nyek \u0151szig a hely\u00fck\u00f6n maradnak. A 18-20 cm magas n\u00f6v\u00e9nyeket 8-10 cm magass\u00e1gra metszik le, hogy az \u00e1gai tereb\u00e9lyesedjenek. 7-9 kg vet\u0151magb\u00f3l egy hekt\u00e1ron 600 000 &#8211; 800 000 pal\u00e1nt\u00e1t lehet termeszteni.<\/p>\n<p>[\/vc_column_text][\/vc_column][\/vc_row][vc_row row_space=&#8221;remove_margin remove_padding remove_padding_col&#8221;][vc_column][vc_text_separator title=&#8221;SZAPOR\u00cdTOTT LEVENDULA TULAJDONS\u00c1GOK&#8221; i_icon_fontawesome=&#8221;fas fa-user-cog&#8221; i_color=&#8221;black&#8221; i_size=&#8221;lg&#8221; style=&#8221;dotted&#8221; border_width=&#8221;4&#8243; add_icon=&#8221;true&#8221;][\/vc_column][\/vc_row][vc_row row_space=&#8221;remove_margin remove_padding remove_padding_col&#8221;][vc_column][vc_column_text]<\/p>\n<p style=\"text-align: center;\">Ez a hibrid levendula szapor\u00edt\u00e1s\u00e1nak \u00e1ltal\u00e1nos \u00e9s legolcs\u00f3bb m\u00f3dja. A szapor\u00edtott levendula tavasszal k\u00e9sz\u00fcl, amikor nincs fagy. A 3-4 \u00e9ves n\u00f6v\u00e9nyeket laza talajjal bor\u00edtj\u00e1k 30 cm-ig. A befedett n\u00f6v\u00e9nyeket elegend\u0151 nedvess\u00e9ggel kell ell\u00e1tni. Az \u0151sszel, az es\u0151s \u00e9vszak ut\u00e1n, amikor a talaj bevonatlan, a j\u00f3l gy\u00f6kerez\u0151 \u00e1gakat metsz\u0151oll\u00f3val v\u00e1gj\u00e1k \u00e9s \u00fcltetik. 100\u2013150 szapor\u00edtott levendula \u00fcltetv\u00e9ny nyerhet\u0151 egy k\u00f6zepes m\u00e9ret\u0171 bokorb\u00f3l. Minden pal\u00e1nt\u00e1t \u0151sszel, okt\u00f3ber folyam\u00e1n \u00fcltetnek. A tavaszi \u00fcltet\u00e9s nem aj\u00e1nlott, a sikeres \u00fcltet\u00e9s utols\u00f3 id\u0151szaka a m\u00e1rcius. Csak megfelel\u0151en fejlett pal\u00e1nt\u00e1kat lehet \u00fcltetni, de gy\u00f6kereiket 15 cm hossz\u00fara kell v\u00e1gni. A levendul\u00e1t k\u00e9zzel vagy mechanikusan \u00fcltetik. A k\u00f6z\u00f6ns\u00e9ges levendul\u00e1t egym\u00e1st\u00f3l 150 cm t\u00e1vols\u00e1gra fekv\u0151 sorokba, a sorokon bel\u00fcl pedig 40 cm t\u00e1vols\u00e1gra fekv\u0151 \u00e1gy\u00e1sokba \u00fcltetik, hekt\u00e1ronk\u00e9nt 16.700 pal\u00e1nt\u00e1val. A hibrid levendul\u00e1t 180-200 cm t\u00e1vols\u00e1gra fekv\u0151 \u00e1gy\u00e1sokba \u00fcltetik, 50-60 cm t\u00e1vols\u00e1gra a n\u00f6v\u00e9nyek k\u00f6z\u00f6tt egy \u00e1gy\u00e1sban, kb. 9200-1000 pal\u00e1nt\u00e1t hekt\u00e1ronk\u00e9nt.<\/p>\n<p>[\/vc_column_text][\/vc_column][\/vc_row][vc_row row_space=&#8221;remove_margin remove_padding remove_padding_col&#8221;][vc_column][vc_text_separator title=&#8221;LEVENDULA N\u00d6V\u00c9NYEK TERMESZT\u00c9SE&#8221; i_icon_fontawesome=&#8221;fab fa-stack-overflow&#8221; i_color=&#8221;black&#8221; i_size=&#8221;lg&#8221; style=&#8221;dotted&#8221; border_width=&#8221;4&#8243; add_icon=&#8221;true&#8221;][\/vc_column][\/vc_row][vc_row row_space=&#8221;remove_margin remove_padding remove_padding_col&#8221;][vc_column][vc_column_text]<\/p>\n<p style=\"text-align: center;\">A n\u00f6v\u00e9nyek alapvet\u0151 termeszt\u00e9sekor m\u00e1jus v\u00e9g\u00e9n sz\u00fcks\u00e9ges a metsz\u00e9s, amikor a n\u00f6v\u00e9nyeket 8-10 cm magass\u00e1gra v\u00e1gj\u00e1k, hogy vastag cserj\u00e9ket k\u00e9pezzenek. A n\u00f6v\u00e9nyt m\u00e1sodik \u00e9v\u00e9ben ism\u00e9t lemetszik 15-18 cm magass\u00e1gra. A m\u00e1sodik metsz\u00e9s ut\u00e1n a koron\u00e1t nem kell tov\u00e1bb form\u00e1lni. A n\u00f6v\u00e9ny els\u0151 \u00e9v\u00e9nek v\u00e9g\u00e9n er\u0151sebb pal\u00e1nt\u00e1kat \u00fcltetnek el a m\u00e1r el\u00fcltetett ter\u00fcleten, mivel csak egyenletes term\u00e9st lehet megfelel\u0151 m\u00f3don g\u00e9ps\u00edtett form\u00e1ban learatni. Fontos a talaj rendszeres m\u0171vel\u00e9se \u00e9s a term\u00e9s sorba rendez\u00e9se. A gyomn\u00f6v\u00e9nyt ki kell \u00edrtani a veget\u00e1ci\u00f3s id\u0151szak kezdete el\u0151tt. A k\u00f6z\u00f6ns\u00e9ges levendula 6-8 \u00e9v ut\u00e1n \u00f6regszik, a cserj\u00e9k v\u00e9konyabbak, a r\u00fcgyek sz\u00e1ma cs\u00f6kken, a sz\u00e1rak r\u00f6videbbek.<\/p>\n<p>[\/vc_column_text][\/vc_column][\/vc_row][vc_row row_space=&#8221;remove_margin remove_padding remove_padding_col&#8221;][vc_column][vc_column_text]<\/p>\n<h5>Forr\u00e1sok:<\/h5>\n<h5>BIOPA; Lekovito bilje (BIOPA; Gy\u00f3gyn\u00f6v\u00e9nyek)<\/h5>\n<h5>Dr. I. \u0160ilje\u0161, ing. \u0110. Grozdani\u0107, mr. I. Grgesina; Poznavanje, gajenje i prerada ljekovitog bilja; Osijek, 1992. (Gy\u00f3gyn\u00f6v\u00e9nyek ismerete, termeszt\u00e9se \u00e9s feldolgoz\u00e1sa)<\/h5>\n<p>[\/vc_column_text][\/vc_column][\/vc_row]<\/p>\n","protected":false},"excerpt":{"rendered":"<p>[vc_row row_space=&#8221;remove_margin remove_padding remove_padding_col&#8221;][vc_column][vc_text_separator title=&#8221;LEVENDULA TERMESZT\u00c9S&#8221; i_icon_fontawesome=&#8221;fas fa-temperature-high&#8221; i_color=&#8221;black&#8221; i_size=&#8221;lg&#8221; style=&#8221;dotted&#8221; border_width=&#8221;4&#8243; add_icon=&#8221;true&#8221;][\/vc_column][\/vc_row][vc_row row_space=&#8221;remove_margin remove_padding remove_padding_col&#8221;][vc_column][vc_column_text] A levendula termofil n\u00f6v\u00e9nyekhez tartozik, \u00e9s magas h\u0151m\u00e9rs\u00e9kletet, valamint sok napf\u00e9nyt ig\u00e9nyel a n\u00f6v\u00e9ny n\u00f6veked\u00e9se sor\u00e1n az ill\u00f3olaj felhalmoz\u00e1sa \u00e9rdek\u00e9ben. Meleg, sz\u00e9l \u00e1ltal v\u00e9dett talaj kedvez\u0151 a levendula n\u00f6veked\u00e9s\u00e9ben. A hideg talaj \u00e9s a fagy k\u00e1ros\u00edthatja a n\u00f6v\u00e9nyt, b\u00e1r [&hellip;]<\/p>\n","protected":false},"author":1,"featured_media":0,"parent":0,"menu_order":0,"comment_status":"closed","ping_status":"closed","template":"","meta":{"_bbp_topic_count":0,"_bbp_reply_count":0,"_bbp_total_topic_count":0,"_bbp_total_reply_count":0,"_bbp_voice_count":0,"_bbp_anonymous_reply_count":0,"_bbp_topic_count_hidden":0,"_bbp_reply_count_hidden":0,"_bbp_forum_subforum_count":0},"_links":{"self":[{"href":"https:\/\/lavanda.org.rs\/hu\/wp-json\/wp\/v2\/pages\/5509"}],"collection":[{"href":"https:\/\/lavanda.org.rs\/hu\/wp-json\/wp\/v2\/pages"}],"about":[{"href":"https:\/\/lavanda.org.rs\/hu\/wp-json\/wp\/v2\/types\/page"}],"author":[{"embeddable":true,"href":"https:\/\/lavanda.org.rs\/hu\/wp-json\/wp\/v2\/users\/1"}],"replies":[{"embeddable":true,"href":"https:\/\/lavanda.org.rs\/hu\/wp-json\/wp\/v2\/comments?post=5509"}],"version-history":[{"count":4,"href":"https:\/\/lavanda.org.rs\/hu\/wp-json\/wp\/v2\/pages\/5509\/revisions"}],"predecessor-version":[{"id":5521,"href":"https:\/\/lavanda.org.rs\/hu\/wp-json\/wp\/v2\/pages\/5509\/revisions\/5521"}],"wp:attachment":[{"href":"https:\/\/lavanda.org.rs\/hu\/wp-json\/wp\/v2\/media?parent=5509"}],"curies":[{"name":"wp","href":"https:\/\/api.w.org\/{rel}","templated":true}]}}