{"id":5510,"date":"2020-03-12T23:44:29","date_gmt":"2020-03-12T22:44:29","guid":{"rendered":"http:\/\/lavanda.org.rs\/?page_id=5510"},"modified":"2020-03-12T23:51:19","modified_gmt":"2020-03-12T22:51:19","slug":"a-levendula-fo-jellemzol","status":"publish","type":"page","link":"https:\/\/lavanda.org.rs\/hu\/a-levendula-fo-jellemzol\/","title":{"rendered":"A levendula f\u0151 jellemz\u0151I"},"content":{"rendered":"<p>[vc_row row_space=&#8221;remove_margin remove_padding remove_padding_col&#8221;][vc_column][vc_column_text]<\/p>\n<p style=\"text-align: center;\">A levendula n\u00e9v a lavare latin sz\u00f3b\u00f3l sz\u00e1rmazik, ami azt jelenti, hogy f\u00fcr\u00f6dni. Ez megmagyar\u00e1zza a sz\u00e1raz vir\u00e1g \u00e9s a lavandini, a levendula ill\u00f3olaj\u00e1nak f\u0151 haszn\u00e1lat\u00e1t. A levendula ill\u00f3olajokat parf\u00fcm\u00f6k \u00e9s k\u00f6lni el\u0151\u00e1ll\u00edt\u00e1s\u00e1hoz haszn\u00e1lj\u00e1k. A szappangy\u00e1rt\u00e1sban a hibrid levendula olcs\u00f3bb ill\u00f3olaj\u00e1t haszn\u00e1lj\u00e1k. A levendula gy\u00f3gy\u00edt\u00f3 tulajdons\u00e1gai a migr\u00e9n \u00e9s neuralgia pszich\u00e9s fesz\u00fclts\u00e9g\u00e9nek enyh\u00edt\u00e9s\u00e9re alkalmasak. Ezenk\u00edv\u00fcl enyh\u00edti a g\u00f6rcs\u00f6ket \u00e9s seg\u00edt a sebgy\u00f3gyul\u00e1sban.<\/p>\n<p>[\/vc_column_text][\/vc_column][\/vc_row][vc_row row_space=&#8221;remove_margin remove_padding remove_padding_col&#8221;][vc_column][vc_text_separator title=&#8221;A LEVENDULA MORFOL\u00d3GIAI JELLEMZ\u0150I&#8221; i_icon_fontawesome=&#8221;fas fa-chart-bar&#8221; i_color=&#8221;black&#8221; i_size=&#8221;lg&#8221; style=&#8221;dotted&#8221; border_width=&#8221;4&#8243; add_icon=&#8221;true&#8221;][\/vc_column][\/vc_row][vc_row row_space=&#8221;remove_margin remove_padding remove_padding_col&#8221;][vc_column width=&#8221;1\/2&#8243;][vc_column_text]<\/p>\n<p style=\"text-align: left;\">A k\u00f6z\u00f6ns\u00e9ges levendula 1700 m\u00e9teres magass\u00e1gig, a sz\u00e9lesleves levendula 700 m-ig, a hibrid pedig 700-1000 m k\u00f6z\u00f6tti magass\u00e1gban termeszthet\u0151. A levendula egy \u00e9vel\u0151 n\u00f6v\u00e9ny, amely kicsi cserj\u00e9k form\u00e1j\u00e1ban n\u00f6vekszik. A vadon \u00e9l\u0151 \u00e9s termesztett levendula v\u00e1rhat\u00f3 \u00e9lettartama ak\u00e1r 30 \u00e9v. A gy\u00f6kere f\u00e1s, meglehet\u0151sen el\u00e1gaz\u00f3, m\u00e9lyen a talajban van. A fa r\u00f6vid, vastag, \u00e9s a nyak\u00e1t\u00f3l a gy\u00f6k\u00e9rig meglehet\u0151sen el\u00e1gaz\u00f3.<\/p>\n<p style=\"text-align: left;\">A k\u00f6z\u00f6ns\u00e9ges levendula kicsi cserjek\u00e9nt n\u0151, amely 40\u201360 cm magas \u00e9s 80\u2013120 cm sz\u00e9les. \u00c1gai egyszer\u0171ek, 20\u201340 cm hossz\u00faak, v\u00e1ltakoz\u00f3 elrendez\u00e9s\u0171ek, keskenyek, teljes perem\u00fck \u00e9s sz\u00fcrk\u00e9sz\u00f6ld sz\u00edn\u00fck van. A vir\u00e1gok k\u00e9k sz\u00edn\u0171ek, a gy\u00fcm\u00f6lcs\u00f6k pedig 4 toj\u00e1sszer\u0171 maggal rendelkez\u0151 gy\u00f6ngy alak\u00faak.<\/p>\n<p>[\/vc_column_text][\/vc_column][vc_column width=&#8221;1\/2&#8243;][vc_single_image image=&#8221;5070&#8243; img_size=&#8221;full&#8221; alignment=&#8221;center&#8221; style=&#8221;vc_box_circle_2&#8243;][\/vc_column][\/vc_row][vc_row row_space=&#8221;remove_margin remove_padding remove_padding_col&#8221;][vc_column][vc_column_text]A hibrid levendula vastag cserjek\u00e9nt n\u0151, el\u00e9rve a 80\u2013100 cm magass\u00e1got \u00e9s a 150 cm \u00e1tm\u00e9r\u0151t. A sz\u00e1r 60-90 cm-es csom\u00f3pontokba oszlik, v\u00e1ltakoz\u00f3 levelekkel, z\u00f6ld sz\u00edn\u0171 \u00e9s finom sz\u0151rsz\u00e1lakkal bor\u00edtva, a vir\u00e1g pedig ugyanaz, mint a k\u00f6z\u00f6ns\u00e9ges levendula eset\u00e9ben. A hibrid levendula steril \u00e9s term\u00e9se nem haszn\u00e1lhat\u00f3.<\/p>\n<p>Minden levendulafajt\u00e1t er\u0151s, specifikus illat jellemez, amely az ill\u00f3olajokb\u00f3l sz\u00e1rmazik. Az ill\u00f3olajat a levendulavir\u00e1g desztill\u00e1ci\u00f3j\u00e1val nyerik. A k\u00f6z\u00f6ns\u00e9ges levendula vir\u00e1g 0,5\u20131,5% ill\u00f3olajat, m\u00edg a hibrid levendula 0,9\u20135% ill\u00f3olajat tartalmaz. Az ill\u00f3olajat els\u0151sorban a vir\u00e1gkehely mellett elhelyezked\u0151 mirigyekben tal\u00e1lj\u00e1k meg. Az olajok f\u0151k\u00e9nt linalil-acet\u00e1tb\u00f3l \u00e9s linalolb\u00f3l \u00e1llnak. Mindegyik fajt\u00e1t az ill\u00f3olaj elt\u00e9r\u0151 \u00f6sszet\u00e9tele jellemzi; a k\u00f6z\u00f6ns\u00e9ges levendula 35-60% linalil-acet\u00e1tot tartalmaz, m\u00edg a hibrid levendula csak 7-16% -ot.<\/p>\n<p>A levendula vet\u0151mag 3-4 \u00e9vig cs\u00edr\u00e1ztathat\u00f3. A cs\u00edr\u00e1z\u00e1si folyamat meglehet\u0151sen hossz\u00fa, ak\u00e1r k\u00e9t h\u00f3napot is ig\u00e9nybe vehet. Kezdetben a magok lassan n\u00f6vekednek, de vir\u00e1gz\u00f3 sz\u00e1rat m\u00e1r az els\u0151 \u00e9vben k\u00e9pesek hajtani. A m\u00e1sodik \u00e9vben a veget\u00e1ci\u00f3s szakasz csak akkor kezd\u0151dik, amikor a h\u0151m\u00e9rs\u00e9klet megemelkedik. A k\u00f6z\u00f6ns\u00e9ges levendula j\u00faniusban kezd vir\u00e1gozni, m\u00edg a hibrid levendula vir\u00e1gz\u00e1sa kiss\u00e9 k\u00e9s\u0151bb kezd\u0151dik. Ha hideg az id\u0151, a vir\u00e1gz\u00e1si szakasz k\u00e9t h\u00e9ttel k\u00e9sik, m\u00edg meleg id\u0151ben sokkal kor\u00e1bban kezd\u0151dik. A teljes vir\u00e1gz\u00e1s 6-8 napig tart, \u00e9s ebben az id\u0151szakban tartalmazz\u00e1k a vir\u00e1gok a legjobb min\u0151s\u00e9g\u0171 ill\u00f3olajat. A gy\u00fcm\u00f6lcs augusztus folyam\u00e1n lassan fejl\u0151dik \u00e9s gyakran leesik.[\/vc_column_text][\/vc_column][\/vc_row]<\/p>\n","protected":false},"excerpt":{"rendered":"<p>[vc_row row_space=&#8221;remove_margin remove_padding remove_padding_col&#8221;][vc_column][vc_column_text] A levendula n\u00e9v a lavare latin sz\u00f3b\u00f3l sz\u00e1rmazik, ami azt jelenti, hogy f\u00fcr\u00f6dni. Ez megmagyar\u00e1zza a sz\u00e1raz vir\u00e1g \u00e9s a lavandini, a levendula ill\u00f3olaj\u00e1nak f\u0151 haszn\u00e1lat\u00e1t. A levendula ill\u00f3olajokat parf\u00fcm\u00f6k \u00e9s k\u00f6lni el\u0151\u00e1ll\u00edt\u00e1s\u00e1hoz haszn\u00e1lj\u00e1k. A szappangy\u00e1rt\u00e1sban a hibrid levendula olcs\u00f3bb ill\u00f3olaj\u00e1t haszn\u00e1lj\u00e1k. A levendula gy\u00f3gy\u00edt\u00f3 tulajdons\u00e1gai a migr\u00e9n \u00e9s neuralgia pszich\u00e9s [&hellip;]<\/p>\n","protected":false},"author":1,"featured_media":0,"parent":0,"menu_order":0,"comment_status":"closed","ping_status":"closed","template":"","meta":{"_bbp_topic_count":0,"_bbp_reply_count":0,"_bbp_total_topic_count":0,"_bbp_total_reply_count":0,"_bbp_voice_count":0,"_bbp_anonymous_reply_count":0,"_bbp_topic_count_hidden":0,"_bbp_reply_count_hidden":0,"_bbp_forum_subforum_count":0},"_links":{"self":[{"href":"https:\/\/lavanda.org.rs\/hu\/wp-json\/wp\/v2\/pages\/5510"}],"collection":[{"href":"https:\/\/lavanda.org.rs\/hu\/wp-json\/wp\/v2\/pages"}],"about":[{"href":"https:\/\/lavanda.org.rs\/hu\/wp-json\/wp\/v2\/types\/page"}],"author":[{"embeddable":true,"href":"https:\/\/lavanda.org.rs\/hu\/wp-json\/wp\/v2\/users\/1"}],"replies":[{"embeddable":true,"href":"https:\/\/lavanda.org.rs\/hu\/wp-json\/wp\/v2\/comments?post=5510"}],"version-history":[{"count":4,"href":"https:\/\/lavanda.org.rs\/hu\/wp-json\/wp\/v2\/pages\/5510\/revisions"}],"predecessor-version":[{"id":5519,"href":"https:\/\/lavanda.org.rs\/hu\/wp-json\/wp\/v2\/pages\/5510\/revisions\/5519"}],"wp:attachment":[{"href":"https:\/\/lavanda.org.rs\/hu\/wp-json\/wp\/v2\/media?parent=5510"}],"curies":[{"name":"wp","href":"https:\/\/api.w.org\/{rel}","templated":true}]}}