{"id":5532,"date":"2020-03-13T00:16:38","date_gmt":"2020-03-12T23:16:38","guid":{"rendered":"http:\/\/lavanda.org.rs\/?page_id=5532"},"modified":"2020-03-13T02:26:40","modified_gmt":"2020-03-13T01:26:40","slug":"hozzaferes-kerese","status":"publish","type":"page","link":"https:\/\/lavanda.org.rs\/hu\/hozzaferes-kerese\/","title":{"rendered":"Hozz\u00e1f\u00e9r\u00e9s k\u00e9r\u00e9se"},"content":{"rendered":"<p>[vc_row row_space=&#8221;remove_margin remove_padding remove_padding_col&#8221;][vc_column][vc_column_text]<\/p>\r\n<p class=\"has-text-align-left\"><div role=\"form\" class=\"wpcf7\" id=\"wpcf7-f5608-o1\" lang=\"hu-HU\" dir=\"ltr\">\n<div class=\"screen-reader-response\"><p role=\"status\" aria-live=\"polite\" aria-atomic=\"true\"><\/p> <ul><\/ul><\/div>\n<form action=\"\/hu\/wp-json\/wp\/v2\/pages\/5532#wpcf7-f5608-o1\" method=\"post\" class=\"wpcf7-form init\" novalidate=\"novalidate\" data-status=\"init\">\n<div style=\"display: none;\">\n<input type=\"hidden\" name=\"_wpcf7\" value=\"5608\" \/>\n<input type=\"hidden\" name=\"_wpcf7_version\" value=\"5.4.2\" \/>\n<input type=\"hidden\" name=\"_wpcf7_locale\" value=\"hu_HU\" \/>\n<input type=\"hidden\" name=\"_wpcf7_unit_tag\" value=\"wpcf7-f5608-o1\" \/>\n<input type=\"hidden\" name=\"_wpcf7_container_post\" value=\"0\" \/>\n<input type=\"hidden\" name=\"_wpcf7_posted_data_hash\" value=\"\" \/>\n<\/div>\n<p><label> A neved (k\u00edv\u00e1nt)<br \/>\n    <span class=\"wpcf7-form-control-wrap your-name\"><input type=\"text\" name=\"your-name\" value=\"\" size=\"40\" class=\"wpcf7-form-control wpcf7-text wpcf7-validates-as-required\" aria-required=\"true\" aria-invalid=\"false\" \/><\/span> <\/label>    <label> Vezet\u00e9kneved (k\u00edv\u00e1nt)<br \/>\n    <span class=\"wpcf7-form-control-wrap your-surname\"><input type=\"text\" name=\"your-surname\" value=\"\" size=\"40\" class=\"wpcf7-form-control wpcf7-text wpcf7-validates-as-required\" aria-required=\"true\" aria-invalid=\"false\" \/><\/span> <\/label>    <label> Otthoni c\u00edmed (k\u00edv\u00e1nt)<br \/>\n    <span class=\"wpcf7-form-control-wrap your-address\"><input type=\"text\" name=\"your-address\" value=\"\" size=\"40\" class=\"wpcf7-form-control wpcf7-text wpcf7-validates-as-required\" aria-required=\"true\" aria-invalid=\"false\" \/><\/span> <\/label>    <label> A v\u00e1ros \u00e9s ir\u00e1ny\u00edt\u00f3sz\u00e1m (k\u00edv\u00e1nt)<br \/>\n    <span class=\"wpcf7-form-control-wrap your-citypostal\"><input type=\"text\" name=\"your-citypostal\" value=\"\" size=\"40\" class=\"wpcf7-form-control wpcf7-text wpcf7-validates-as-required\" aria-required=\"true\" aria-invalid=\"false\" \/><\/span> <\/label>    <label> Orsz\u00e1god (k\u00edv\u00e1nt)<br \/>\n    <span class=\"wpcf7-form-control-wrap your-country\"><input type=\"text\" name=\"your-country\" value=\"\" size=\"40\" class=\"wpcf7-form-control wpcf7-text wpcf7-validates-as-required\" aria-required=\"true\" aria-invalid=\"false\" \/><\/span> <\/label>    <label> A telefonsz\u00e1mod (k\u00edv\u00e1nt)<br \/>\n    <span class=\"wpcf7-form-control-wrap your-phone\"><input type=\"text\" name=\"your-phone\" value=\"\" size=\"40\" class=\"wpcf7-form-control wpcf7-text wpcf7-validates-as-required\" aria-required=\"true\" aria-invalid=\"false\" \/><\/span> <\/label> <label> Az email c\u00edmed (k\u00edv\u00e1nt)<br \/>\n    <span class=\"wpcf7-form-control-wrap your-email\"><input type=\"email\" name=\"your-email\" value=\"\" size=\"40\" class=\"wpcf7-form-control wpcf7-text wpcf7-email wpcf7-validates-as-required wpcf7-validates-as-email\" aria-required=\"true\" aria-invalid=\"false\" \/><\/span> <\/label>    <input type=\"submit\" value=\"K\u00fcld\" class=\"wpcf7-form-control wpcf7-submit\" \/><br \/>\n*A felhaszn\u00e1l\u00f3neved \u00e9s jelszavad el\u0151\u00e1ll, \u00e9s elk\u00fcld\u00e9sre ker\u00fcl az \u00d6n e-mailj\u00e9re, miut\u00e1n meghatalmazt\u00e1k.<\/p>\n<div class=\"wpcf7-response-output\" aria-hidden=\"true\"><\/div><\/form><\/div>\r\n\r\n<p>&nbsp;<\/p>\r\n<p>[\/vc_column_text][\/vc_column][\/vc_row]<\/p>","protected":false},"excerpt":{"rendered":"<p>[vc_row row_space=&#8221;remove_margin remove_padding remove_padding_col&#8221;][vc_column][vc_column_text] &nbsp; [\/vc_column_text][\/vc_column][\/vc_row]<\/p>\n","protected":false},"author":1,"featured_media":0,"parent":0,"menu_order":0,"comment_status":"closed","ping_status":"closed","template":"","meta":{"_bbp_topic_count":0,"_bbp_reply_count":0,"_bbp_total_topic_count":0,"_bbp_total_reply_count":0,"_bbp_voice_count":0,"_bbp_anonymous_reply_count":0,"_bbp_topic_count_hidden":0,"_bbp_reply_count_hidden":0,"_bbp_forum_subforum_count":0},"_links":{"self":[{"href":"https:\/\/lavanda.org.rs\/hu\/wp-json\/wp\/v2\/pages\/5532"}],"collection":[{"href":"https:\/\/lavanda.org.rs\/hu\/wp-json\/wp\/v2\/pages"}],"about":[{"href":"https:\/\/lavanda.org.rs\/hu\/wp-json\/wp\/v2\/types\/page"}],"author":[{"embeddable":true,"href":"https:\/\/lavanda.org.rs\/hu\/wp-json\/wp\/v2\/users\/1"}],"replies":[{"embeddable":true,"href":"https:\/\/lavanda.org.rs\/hu\/wp-json\/wp\/v2\/comments?post=5532"}],"version-history":[{"count":3,"href":"https:\/\/lavanda.org.rs\/hu\/wp-json\/wp\/v2\/pages\/5532\/revisions"}],"predecessor-version":[{"id":5609,"href":"https:\/\/lavanda.org.rs\/hu\/wp-json\/wp\/v2\/pages\/5532\/revisions\/5609"}],"wp:attachment":[{"href":"https:\/\/lavanda.org.rs\/hu\/wp-json\/wp\/v2\/media?parent=5532"}],"curies":[{"name":"wp","href":"https:\/\/api.w.org\/{rel}","templated":true}]}}